{"id":2,"date":"2017-12-08T08:19:25","date_gmt":"2017-12-08T08:19:25","guid":{"rendered":"http:\/\/baranselkara.com\/bgmarka\/?page_id=2"},"modified":"2021-01-28T12:18:42","modified_gmt":"2021-01-28T12:18:42","slug":"hakkimizda","status":"publish","type":"page","link":"https:\/\/www.bgmarkapatent.com\/en\/hakkimizda\/","title":{"rendered":"About Us"},"content":{"rendered":"<div class=\"wpb-content-wrapper\"><p>[vc_row][vc_column width=&#8221;1\/2&#8243;][vc_column_text]<span style=\"color: #000000;\"><strong>BG Marka Patent<\/strong> olarak, 2015 y\u0131l\u0131nda fikri m\u00fclkiyet ve \u00f6zellikle s\u0131nai haklar (<a style=\"color: #000000;\" href=\"http:\/\/www.bgmarkapatent.com\/services\/marka\/\">marka<\/a>, <a style=\"color: #000000;\" href=\"http:\/\/www.bgmarkapatent.com\/services\/patent\/patent-arastirma\/\">patent<\/a>, <a style=\"color: #000000;\" href=\"http:\/\/www.bgmarkapatent.com\/services\/tasarim\/\">tasar\u0131m<\/a>) alan\u0131nda Eski\u015fehir\u2019de kuruldu\u011fumuzdan beri marka koruma alan\u0131nda fark yarat\u0131yoruz. \u00d6ncelikle s\u0131nai m\u00fclkiyet hakk\u0131n\u0131n tescili noktas\u0131nda destek sa\u011flayarak markan\u0131z ve bundan do\u011fan haklar\u0131n\u0131z\u0131 gerek fiziksel pazarda gerekse e-ticaret pazar\u0131nda izleyen ve koruyan kendimize \u00f6zg\u00fc \u00e7al\u0131\u015fma modelimizle sizlere hizmet vermekten mutluluk duyuyoruz. Bu anlamda 360 derece koruma hizmetini sizlere sunuyoruz. 360 derece koruman\u0131z\u0131n yan\u0131nda firman\u0131z i\u00e7in ihtiyac\u0131n\u0131z olan hibe ve te\u015fvik programlar\u0131n\u0131 yerinde tespit ediyoruz.<\/span><\/p>\n<p><span style=\"color: #000000;\">En uygun yat\u0131r\u0131mlar ve yarat\u0131c\u0131 \u00e7al\u0131\u015fmalar\u0131n\u0131za de\u011fer katmak i\u00e7in \u00e7\u00f6z\u00fcm orta\u011f\u0131n\u0131z oluyoruz. <strong>Sizinde markan\u0131z gard\u0131n\u0131z olsun.<\/strong><\/span>[\/vc_column_text][\/vc_column][vc_column width=&#8221;1\/2&#8243;][vc_hoverbox image=&#8221;2234&#8243; primary_title=&#8221;&#8221; hover_title=&#8221;BG MARKA PATENT&#8221; hover_btn_title=&#8221;Hemen Bize Ula\u015f\u0131n&#8221; hover_btn_color=&#8221;info&#8221; hover_btn_i_icon_fontawesome=&#8221;fa fa-envelope-open&#8221; hover_add_button=&#8221;true&#8221; reverse=&#8221;true&#8221; hover_btn_add_icon=&#8221;true&#8221; hover_btn_link=&#8221;url:http%3A%2F%2Fwww.baranselkara.com%2Fbgmarka%2Fcontact%2F|||&#8221;]<strong>Bg Marka Patent t\u00fcm hizmetleri ile d\u00fcnyada 360 derece koruma sa\u011flar.<\/strong><\/p>\n<p>&nbsp;[\/vc_hoverbox][\/vc_column][\/vc_row][vc_row][vc_column][vc_empty_space]<div class=\"dt-fancy-separator h2-size\" style=\"width: 100%;\"><div class=\"dt-fancy-title\"><span class=\"separator-holder separator-left\"><\/span>Ekibimiz<span class=\"separator-holder separator-right\"><\/span><\/div><\/div>[\/vc_column][\/vc_row][vc_row][vc_column width=&#8221;1\/2&#8243;][vc_column_text]<span style=\"color: #000000;\">BG Marka Patent olarak, 2015 y\u0131l\u0131nda s\u0131nai haklar (marka, patent, tasar\u0131m) alan\u0131nda Eski\u015fehir&#8217;de kuruldu\u011fumuzdan beri lisanss\u0131z \u00fcr\u00fcn sat\u0131\u015f\u0131n\u0131 81 il ve e-ticarette izleyen ve engelleyen kendimize \u00f6zg\u00fc \u00e7al\u0131\u015fma modelimizle marka koruma alan\u0131nda fark yarat\u0131yoruz. 360 derece koruman\u0131z\u0131n yan\u0131nda firman\u0131z i\u00e7in ihtiyac\u0131n\u0131z olan hibe ve te\u015fvik programlar\u0131n\u0131 yerinde tespit ediyoruz.<br \/>\nEn uygun yat\u0131r\u0131mlar ve yarat\u0131c\u0131 \u00e7al\u0131\u015fmalar\u0131n\u0131za de\u011fer katmak i\u00e7in \u00e7\u00f6z\u00fcm orta\u011f\u0131n\u0131z oluyor, patent ve marka ba\u015fvurular\u0131n\u0131z\u0131 ger\u00e7ekle\u015ftiriyoruz. 2015&#8217;ten bu yana BG &#8216;nin 360 derece koruma sistemiyle markan\u0131z gard\u0131n\u0131z oluyor.<\/span>[\/vc_column_text][\/vc_column][vc_column width=&#8221;1\/2&#8243;][vc_hoverbox image=&#8221;2234&#8243; primary_title=&#8221;&#8221; hover_title=&#8221;BG MARKA PATENT&#8221; hover_btn_title=&#8221;Hemen Bize Ula\u015f\u0131n&#8221; hover_btn_color=&#8221;info&#8221; hover_btn_i_icon_fontawesome=&#8221;fa fa-envelope-open&#8221; hover_add_button=&#8221;true&#8221; reverse=&#8221;true&#8221; hover_btn_add_icon=&#8221;true&#8221; hover_btn_link=&#8221;url:http%3A%2F%2Fwww.baranselkara.com%2Fbgmarka%2Fcontact%2F|||&#8221;]Bg Marka Patent t\u00fcm hizmetleri ile d\u00fcnyada 360 derece koruma sa\u011flar.[\/vc_hoverbox][\/vc_column][\/vc_row][vc_row][vc_column][vc_empty_space][\/vc_column][\/vc_row]<\/p>\n<\/div>","protected":false},"excerpt":{"rendered":"<p>[vc_row][vc_column width=&#8221;1\/2&#8243;][vc_column_text]BG Marka Patent olarak, 2015 y\u0131l\u0131nda fikri m\u00fclkiyet ve \u00f6zellikle s\u0131nai haklar (marka, patent, tasar\u0131m) alan\u0131nda Eski\u015fehir\u2019de kuruldu\u011fumuzdan beri marka koruma alan\u0131nda fark yarat\u0131yoruz. \u00d6ncelikle s\u0131nai m\u00fclkiyet hakk\u0131n\u0131n tescili noktas\u0131nda destek sa\u011flayarak markan\u0131z ve bundan do\u011fan haklar\u0131n\u0131z\u0131 gerek fiziksel pazarda gerekse e-ticaret pazar\u0131nda izleyen ve koruyan kendimize \u00f6zg\u00fc \u00e7al\u0131\u015fma modelimizle sizlere hizmet vermekten mutluluk&hellip;<\/p>\n","protected":false},"author":1,"featured_media":0,"parent":0,"menu_order":0,"comment_status":"closed","ping_status":"closed","template":"template-team.php","meta":{"give_campaign_id":0,"footnotes":""},"class_list":["post-2","page","type-page","status-publish","hentry","description-off"],"yoast_head":"<!-- This site is optimized with the Yoast SEO plugin v27.4 - https:\/\/yoast.com\/product\/yoast-seo-wordpress\/ -->\n<title>BG Marka Patent Dan\u0131\u015fmanl\u0131k Hakk\u0131m\u0131zda<\/title>\n<meta name=\"description\" content=\"BG Marka Patent olarak, 2015 y\u0131l\u0131nda fikri m\u00fclkiyet ve \u00f6zellikle s\u0131nai haklar ( marka , patent , tasar\u0131m ) alan\u0131nda Eski\u015fehir\u2019de kuruldu\u011fumuzdan beri marka koruma alan\u0131nda fark yarat\u0131yoruz. \u00d6ncelikle s\u0131nai m\u00fclkiyet hakk\u0131n\u0131n tescili noktas\u0131nda destek sa\u011flayarak markan\u0131z ve bundan do\u011fan haklar\u0131n\u0131z\u0131 gerek fiziksel pazarda\" \/>\n<meta name=\"robots\" content=\"index, follow, max-snippet:-1, max-image-preview:large, max-video-preview:-1\" \/>\n<link rel=\"canonical\" href=\"https:\/\/www.bgmarkapatent.com\/en\/hakkimizda\/\" \/>\n<meta property=\"og:locale\" content=\"en_US\" \/>\n<meta property=\"og:type\" content=\"article\" \/>\n<meta property=\"og:title\" content=\"BG Marka Patent Dan\u0131\u015fmanl\u0131k Hakk\u0131m\u0131zda\" \/>\n<meta property=\"og:description\" content=\"BG Marka Patent olarak, 2015 y\u0131l\u0131nda fikri m\u00fclkiyet ve \u00f6zellikle s\u0131nai haklar ( marka , patent , tasar\u0131m ) alan\u0131nda Eski\u015fehir\u2019de kuruldu\u011fumuzdan beri marka koruma alan\u0131nda fark yarat\u0131yoruz. \u00d6ncelikle s\u0131nai m\u00fclkiyet hakk\u0131n\u0131n tescili noktas\u0131nda destek sa\u011flayarak markan\u0131z ve bundan do\u011fan haklar\u0131n\u0131z\u0131 gerek fiziksel pazarda\" \/>\n<meta property=\"og:url\" content=\"https:\/\/www.bgmarkapatent.com\/en\/hakkimizda\/\" \/>\n<meta property=\"og:site_name\" content=\"BG Brand Patent Consultancy\" \/>\n<meta property=\"article:publisher\" content=\"https:\/\/www.facebook.com\/bgmarkapatent\" \/>\n<meta property=\"article:modified_time\" content=\"2021-01-28T12:18:42+00:00\" \/>\n<meta name=\"twitter:card\" content=\"summary_large_image\" \/>\n<meta name=\"twitter:site\" content=\"@bgmarkapatent\" \/>\n<meta name=\"twitter:label1\" content=\"Est. reading time\" \/>\n\t<meta name=\"twitter:data1\" content=\"2 minutes\" \/>\n<script type=\"application\/ld+json\" class=\"yoast-schema-graph\">{\"@context\":\"https:\\\/\\\/schema.org\",\"@graph\":[{\"@type\":\"WebPage\",\"@id\":\"https:\\\/\\\/www.bgmarkapatent.com\\\/en\\\/hakkimizda\\\/\",\"url\":\"https:\\\/\\\/www.bgmarkapatent.com\\\/en\\\/hakkimizda\\\/\",\"name\":\"BG Marka Patent Dan\u0131\u015fmanl\u0131k Hakk\u0131m\u0131zda\",\"isPartOf\":{\"@id\":\"https:\\\/\\\/www.bgmarkapatent.com\\\/#website\"},\"datePublished\":\"2017-12-08T08:19:25+00:00\",\"dateModified\":\"2021-01-28T12:18:42+00:00\",\"description\":\"BG Marka Patent olarak, 2015 y\u0131l\u0131nda fikri m\u00fclkiyet ve \u00f6zellikle s\u0131nai haklar ( marka , patent , tasar\u0131m ) alan\u0131nda Eski\u015fehir\u2019de kuruldu\u011fumuzdan beri marka koruma alan\u0131nda fark yarat\u0131yoruz. \u00d6ncelikle s\u0131nai m\u00fclkiyet hakk\u0131n\u0131n tescili noktas\u0131nda destek sa\u011flayarak markan\u0131z ve bundan do\u011fan haklar\u0131n\u0131z\u0131 gerek fiziksel pazarda\",\"breadcrumb\":{\"@id\":\"https:\\\/\\\/www.bgmarkapatent.com\\\/en\\\/hakkimizda\\\/#breadcrumb\"},\"inLanguage\":\"en-US\",\"potentialAction\":[{\"@type\":\"ReadAction\",\"target\":[\"https:\\\/\\\/www.bgmarkapatent.com\\\/en\\\/hakkimizda\\\/\"]}]},{\"@type\":\"BreadcrumbList\",\"@id\":\"https:\\\/\\\/www.bgmarkapatent.com\\\/en\\\/hakkimizda\\\/#breadcrumb\",\"itemListElement\":[{\"@type\":\"ListItem\",\"position\":1,\"name\":\"Ana sayfa\",\"item\":\"https:\\\/\\\/www.bgmarkapatent.com\\\/\"},{\"@type\":\"ListItem\",\"position\":2,\"name\":\"About Us\"}]},{\"@type\":\"WebSite\",\"@id\":\"https:\\\/\\\/www.bgmarkapatent.com\\\/#website\",\"url\":\"https:\\\/\\\/www.bgmarkapatent.com\\\/\",\"name\":\"BG Marka Patent Dan\u0131\u015fmanl\u0131k\",\"description\":\"Trademark Protection Patent\",\"publisher\":{\"@id\":\"https:\\\/\\\/www.bgmarkapatent.com\\\/#organization\"},\"potentialAction\":[{\"@type\":\"SearchAction\",\"target\":{\"@type\":\"EntryPoint\",\"urlTemplate\":\"https:\\\/\\\/www.bgmarkapatent.com\\\/?s={search_term_string}\"},\"query-input\":{\"@type\":\"PropertyValueSpecification\",\"valueRequired\":true,\"valueName\":\"search_term_string\"}}],\"inLanguage\":\"en-US\"},{\"@type\":\"Organization\",\"@id\":\"https:\\\/\\\/www.bgmarkapatent.com\\\/#organization\",\"name\":\"BG MARKA PATENT\",\"url\":\"https:\\\/\\\/www.bgmarkapatent.com\\\/\",\"logo\":{\"@type\":\"ImageObject\",\"inLanguage\":\"en-US\",\"@id\":\"https:\\\/\\\/www.bgmarkapatent.com\\\/#\\\/schema\\\/logo\\\/image\\\/\",\"url\":\"https:\\\/\\\/www.bgmarkapatent.com\\\/wp-content\\\/uploads\\\/2017\\\/12\\\/BG_Logo_yatay_1080_1-1.png\",\"contentUrl\":\"https:\\\/\\\/www.bgmarkapatent.com\\\/wp-content\\\/uploads\\\/2017\\\/12\\\/BG_Logo_yatay_1080_1-1.png\",\"width\":142,\"height\":105,\"caption\":\"BG MARKA PATENT\"},\"image\":{\"@id\":\"https:\\\/\\\/www.bgmarkapatent.com\\\/#\\\/schema\\\/logo\\\/image\\\/\"},\"sameAs\":[\"https:\\\/\\\/www.facebook.com\\\/bgmarkapatent\",\"https:\\\/\\\/x.com\\\/bgmarkapatent\",\"https:\\\/\\\/www.instagram.com\\\/bgmarkapatent\\\/?hl=tr\"]}]}<\/script>\n<!-- \/ Yoast SEO plugin. -->","yoast_head_json":{"title":"BG Marka Patent Dan\u0131\u015fmanl\u0131k Hakk\u0131m\u0131zda","description":"BG Marka Patent olarak, 2015 y\u0131l\u0131nda fikri m\u00fclkiyet ve \u00f6zellikle s\u0131nai haklar ( marka , patent , tasar\u0131m ) alan\u0131nda Eski\u015fehir\u2019de kuruldu\u011fumuzdan beri marka koruma alan\u0131nda fark yarat\u0131yoruz. \u00d6ncelikle s\u0131nai m\u00fclkiyet hakk\u0131n\u0131n tescili noktas\u0131nda destek sa\u011flayarak markan\u0131z ve bundan do\u011fan haklar\u0131n\u0131z\u0131 gerek fiziksel pazarda","robots":{"index":"index","follow":"follow","max-snippet":"max-snippet:-1","max-image-preview":"max-image-preview:large","max-video-preview":"max-video-preview:-1"},"canonical":"https:\/\/www.bgmarkapatent.com\/en\/hakkimizda\/","og_locale":"en_US","og_type":"article","og_title":"BG Marka Patent Dan\u0131\u015fmanl\u0131k Hakk\u0131m\u0131zda","og_description":"BG Marka Patent olarak, 2015 y\u0131l\u0131nda fikri m\u00fclkiyet ve \u00f6zellikle s\u0131nai haklar ( marka , patent , tasar\u0131m ) alan\u0131nda Eski\u015fehir\u2019de kuruldu\u011fumuzdan beri marka koruma alan\u0131nda fark yarat\u0131yoruz. \u00d6ncelikle s\u0131nai m\u00fclkiyet hakk\u0131n\u0131n tescili noktas\u0131nda destek sa\u011flayarak markan\u0131z ve bundan do\u011fan haklar\u0131n\u0131z\u0131 gerek fiziksel pazarda","og_url":"https:\/\/www.bgmarkapatent.com\/en\/hakkimizda\/","og_site_name":"BG Brand Patent Consultancy","article_publisher":"https:\/\/www.facebook.com\/bgmarkapatent","article_modified_time":"2021-01-28T12:18:42+00:00","twitter_card":"summary_large_image","twitter_site":"@bgmarkapatent","twitter_misc":{"Est. reading time":"2 minutes"},"schema":{"@context":"https:\/\/schema.org","@graph":[{"@type":"WebPage","@id":"https:\/\/www.bgmarkapatent.com\/en\/hakkimizda\/","url":"https:\/\/www.bgmarkapatent.com\/en\/hakkimizda\/","name":"BG Marka Patent Dan\u0131\u015fmanl\u0131k Hakk\u0131m\u0131zda","isPartOf":{"@id":"https:\/\/www.bgmarkapatent.com\/#website"},"datePublished":"2017-12-08T08:19:25+00:00","dateModified":"2021-01-28T12:18:42+00:00","description":"BG Marka Patent olarak, 2015 y\u0131l\u0131nda fikri m\u00fclkiyet ve \u00f6zellikle s\u0131nai haklar ( marka , patent , tasar\u0131m ) alan\u0131nda Eski\u015fehir\u2019de kuruldu\u011fumuzdan beri marka koruma alan\u0131nda fark yarat\u0131yoruz. \u00d6ncelikle s\u0131nai m\u00fclkiyet hakk\u0131n\u0131n tescili noktas\u0131nda destek sa\u011flayarak markan\u0131z ve bundan do\u011fan haklar\u0131n\u0131z\u0131 gerek fiziksel pazarda","breadcrumb":{"@id":"https:\/\/www.bgmarkapatent.com\/en\/hakkimizda\/#breadcrumb"},"inLanguage":"en-US","potentialAction":[{"@type":"ReadAction","target":["https:\/\/www.bgmarkapatent.com\/en\/hakkimizda\/"]}]},{"@type":"BreadcrumbList","@id":"https:\/\/www.bgmarkapatent.com\/en\/hakkimizda\/#breadcrumb","itemListElement":[{"@type":"ListItem","position":1,"name":"Ana sayfa","item":"https:\/\/www.bgmarkapatent.com\/"},{"@type":"ListItem","position":2,"name":"About Us"}]},{"@type":"WebSite","@id":"https:\/\/www.bgmarkapatent.com\/#website","url":"https:\/\/www.bgmarkapatent.com\/","name":"BG Marka Patent Dan\u0131\u015fmanl\u0131k","description":"Trademark Protection Patent","publisher":{"@id":"https:\/\/www.bgmarkapatent.com\/#organization"},"potentialAction":[{"@type":"SearchAction","target":{"@type":"EntryPoint","urlTemplate":"https:\/\/www.bgmarkapatent.com\/?s={search_term_string}"},"query-input":{"@type":"PropertyValueSpecification","valueRequired":true,"valueName":"search_term_string"}}],"inLanguage":"en-US"},{"@type":"Organization","@id":"https:\/\/www.bgmarkapatent.com\/#organization","name":"BG MARKA PATENT","url":"https:\/\/www.bgmarkapatent.com\/","logo":{"@type":"ImageObject","inLanguage":"en-US","@id":"https:\/\/www.bgmarkapatent.com\/#\/schema\/logo\/image\/","url":"https:\/\/www.bgmarkapatent.com\/wp-content\/uploads\/2017\/12\/BG_Logo_yatay_1080_1-1.png","contentUrl":"https:\/\/www.bgmarkapatent.com\/wp-content\/uploads\/2017\/12\/BG_Logo_yatay_1080_1-1.png","width":142,"height":105,"caption":"BG MARKA PATENT"},"image":{"@id":"https:\/\/www.bgmarkapatent.com\/#\/schema\/logo\/image\/"},"sameAs":["https:\/\/www.facebook.com\/bgmarkapatent","https:\/\/x.com\/bgmarkapatent","https:\/\/www.instagram.com\/bgmarkapatent\/?hl=tr"]}]}},"campaignId":"","_links":{"self":[{"href":"https:\/\/www.bgmarkapatent.com\/en\/wp-json\/wp\/v2\/pages\/2","targetHints":{"allow":["GET"]}}],"collection":[{"href":"https:\/\/www.bgmarkapatent.com\/en\/wp-json\/wp\/v2\/pages"}],"about":[{"href":"https:\/\/www.bgmarkapatent.com\/en\/wp-json\/wp\/v2\/types\/page"}],"author":[{"embeddable":true,"href":"https:\/\/www.bgmarkapatent.com\/en\/wp-json\/wp\/v2\/users\/1"}],"replies":[{"embeddable":true,"href":"https:\/\/www.bgmarkapatent.com\/en\/wp-json\/wp\/v2\/comments?post=2"}],"version-history":[{"count":8,"href":"https:\/\/www.bgmarkapatent.com\/en\/wp-json\/wp\/v2\/pages\/2\/revisions"}],"predecessor-version":[{"id":3054,"href":"https:\/\/www.bgmarkapatent.com\/en\/wp-json\/wp\/v2\/pages\/2\/revisions\/3054"}],"wp:attachment":[{"href":"https:\/\/www.bgmarkapatent.com\/en\/wp-json\/wp\/v2\/media?parent=2"}],"curies":[{"name":"wp","href":"https:\/\/api.w.org\/{rel}","templated":true}]}}