{"id":2099,"date":"2017-12-16T22:47:06","date_gmt":"2017-12-16T22:47:06","guid":{"rendered":"http:\/\/www.baranselkara.com\/bgmarka\/?page_id=2099"},"modified":"2018-07-18T10:15:14","modified_gmt":"2018-07-18T10:15:14","slug":"patent","status":"publish","type":"page","link":"https:\/\/www.bgmarkapatent.com\/en\/services\/patent\/","title":{"rendered":"Patent"},"content":{"rendered":"<div class=\"wpb-content-wrapper\"><p>[vc_row equal_height=&#8221;yes&#8221; content_placement=&#8221;middle&#8221; type=&#8221;vc_default&#8221; margin_top=&#8221;5&#8243; margin_bottom=&#8221;10&#8243; css=&#8221;.vc_custom_1491758514816{padding-top: 70px !important;padding-bottom: 30px !important;}&#8221;][vc_column]<div id=\"ultimate-heading-526269d4d9dfe04d9\" class=\"uvc-heading ult-adjust-bottom-margin ultimate-heading-526269d4d9dfe04d9 uvc-4455 \" data-hspacer=\"no_spacer\"  data-halign=\"center\" style=\"text-align:center\"><div class=\"uvc-heading-spacer no_spacer\" style=\"top\"><\/div><div class=\"uvc-main-heading ult-responsive\"  data-ultimate-target='.uvc-heading.ultimate-heading-526269d4d9dfe04d9 h2'  data-responsive-json-new='{\"font-size\":\"desktop:44px;\",\"line-height\":\"desktop:54px;\"}' ><h2 style=\"font-weight:bold;margin-bottom:65px;\">What is Patent Management?<\/h2><\/div><\/div>[vc_row_inner equal_height=&#8221;yes&#8221; content_placement=&#8221;middle&#8221;][vc_column_inner width=&#8221;1\/2&#8243; css=&#8221;.vc_custom_1491746388981{padding-bottom: 50px !important;}&#8221;]<style type=\"text\/css\" data-type=\"the7_shortcodes-inline-css\">.shortcode-single-image-wrap.shortcode-single-image-ece509011b37c3699b50620ddf15d9c9.enable-bg-rollover .rollover i,\n.shortcode-single-image-wrap.shortcode-single-image-ece509011b37c3699b50620ddf15d9c9.enable-bg-rollover .rollover-video i {\n  background: ;\n  background: -webkit-linear-gradient();\n  background: linear-gradient();\n}\n.shortcode-single-image-wrap.shortcode-single-image-ece509011b37c3699b50620ddf15d9c9 .rollover-icon {\n  font-size: 32px;\n  color: #ffffff;\n  min-width: 44px;\n  min-height: 44px;\n  line-height: 44px;\n  border-radius: 100px;\n  border-style: solid;\n  border-width: 0px;\n}\n.dt-icon-bg-on.shortcode-single-image-wrap.shortcode-single-image-ece509011b37c3699b50620ddf15d9c9 .rollover-icon {\n  background: rgba(255,255,255,0.3);\n  -webkit-box-shadow: none;\n  box-shadow: none;\n}\n<\/style><div class=\"shortcode-single-image-wrap shortcode-single-image-ece509011b37c3699b50620ddf15d9c9 alignnone  enable-bg-rollover dt-icon-bg-off\" style=\"margin-top:0px; margin-bottom:0px; margin-left:0px; margin-right:0px; width:1000px;\" data-pretty-share=\"facebook,pinterest,linkedin,whatsapp,twitter\"><div class=\"shortcode-single-image\"><div class=\"fancy-media-wrap  layzr-bg\" style=\"\"><img fetchpriority=\"high\" decoding=\"async\" class=\"preload-me lazy-load aspect\" src=\"data:image\/svg+xml,%3Csvg%20xmlns%3D&#39;http%3A%2F%2Fwww.w3.org%2F2000%2Fsvg&#39;%20viewBox%3D&#39;0%200%201000%20700&#39;%2F%3E\" data-src=\"https:\/\/www.bgmarkapatent.com\/wp-content\/uploads\/2017\/12\/shutterstock_166598477-scaled-1000x700.jpg\" data-srcset=\"https:\/\/www.bgmarkapatent.com\/wp-content\/uploads\/2017\/12\/shutterstock_166598477-scaled-1000x700.jpg 1000w, https:\/\/www.bgmarkapatent.com\/wp-content\/uploads\/2017\/12\/shutterstock_166598477-scaled-2000x1400.jpg 2000w\" loading=\"eager\" sizes=\"(max-width: 1000px) 100vw, 1000px\" width=\"1000\" height=\"700\"  data-dt-location=\"https:\/\/www.bgmarkapatent.com\/en\/services\/patent\/shutterstock_166598477\/\" style=\"--ratio: 1000 \/ 700;\" alt=\"\" \/><\/div><\/div><\/div>[\/vc_column_inner][vc_column_inner width=&#8221;1\/2&#8243; css=&#8221;.vc_custom_1491746397816{padding-bottom: 50px !important;}&#8221;]<div id=\"ultimate-heading-658169d4d9dfe178e\" class=\"uvc-heading ult-adjust-bottom-margin ultimate-heading-658169d4d9dfe178e uvc-9405 \" data-hspacer=\"no_spacer\"  data-halign=\"left\" style=\"text-align:left\"><div class=\"uvc-heading-spacer no_spacer\" style=\"top\"><\/div><div class=\"uvc-main-heading ult-responsive\"  data-ultimate-target='.uvc-heading.ultimate-heading-658169d4d9dfe178e h2'  data-responsive-json-new='{\"font-size\":\"desktop:24px;\",\"line-height\":\"desktop:34px;\"}' ><h2 style=\"font-weight:bold;margin-bottom:25px;\">Why Patent Protection Is So Important to Us?<\/h2><\/div><div class=\"uvc-sub-heading ult-responsive\"  data-ultimate-target='.uvc-heading.ultimate-heading-658169d4d9dfe178e .uvc-sub-heading '  data-responsive-json-new='{\"font-size\":\"\",\"line-height\":\"\"}'  style=\"font-weight:normal;\">Patent is an official document that gives privileges to fields such as sale, marketing, reproduction, production of a similarity, invented product or invention. Patent receiving criteria; innovation, exceeding the known state of the art and being applicable to the industry.<\/p>\n<p>A patent right is a monopoly that restricts anyone else&#8217;s ability to produce, market and sell patented technology for 7 or 20 years. When this right is gained, the inventor; all information relating to the invention shall be reported in detail to the public patent institution in the country in which protection is sought.<\/p>\n<p>Patents pose entitlements for the countries they are in. He received a patent in Turkey, providing only have rights in the territory of Turkey. In this case the rights of others to import patented products in Turkey, gives you the right to stop imports to the rightful owner.<\/div><\/div><div class=\" vc_custom_1531908867106 ubtn-ctn-center \"><a class=\"ubtn-link ult-adjust-bottom-margin ubtn-center ubtn-custom \" href=\"http:\/\/www.bgmarkapatent.com\/contact\/\" target=\"_blank\" rel=\"noopener\" ><button type=\"button\" id=\"ubtn-2605\"  class=\"ubtn ult-adjust-bottom-margin ult-responsive ubtn-custom ubtn-no-hover-bg  none  ubtn-center   tooltip-69d4d9dfe181d\"  data-hover=\"#111111\" data-border-color=\"\" data-bg=\"#e41658\" data-hover-bg=\"#e41658\" data-border-hover=\"\" data-shadow-hover=\"\" data-shadow-click=\"none\" data-shadow=\"\" data-shd-shadow=\"\"  data-ultimate-target='#ubtn-2605'  data-responsive-json-new='{\"font-size\":\"desktop:14px;\",\"line-height\":\"desktop:14px;\"}'  style=\"font-weight:bold;width:px;min-height:40px;padding:8px 25px;border:none;background: #e41658;color: #ffffff;\"><span class=\"ubtn-hover\" style=\"background-color:#e41658\"><\/span><span class=\"ubtn-data ubtn-text \" >Request an Offer<\/span><\/button><\/a><\/div>[\/vc_column_inner][\/vc_row_inner][\/vc_column][\/vc_row][vc_row equal_height=&#8221;yes&#8221; content_placement=&#8221;top&#8221; bg_type=&#8221;u_iframe&#8221; u_video_url=&#8221;https:\/\/www.youtube.com\/watch?v=1iLRc-TULZo&#8221; video_opts=&#8221;loop,muted&#8221; video_poster=&#8221;id^2069|url^http:\/\/www.baranselkara.com\/bgmarka\/wp-content\/uploads\/2017\/12\/Ads\u0131z-1.png|caption^null|alt^null|title^VideoPost|description^null&#8221; bg_override=&#8221;ex-full&#8221; type=&#8221;vc_default&#8221; css=&#8221;.vc_custom_1513459636717{padding-top: 70px !important;padding-bottom: 75px !important;background-color: rgba(198,198,198,0.01) !important;*background-color: rgb(198,198,198) !important;}&#8221;][vc_column width=&#8221;5\/6&#8243; offset=&#8221;vc_col-lg-offset-2 vc_col-lg-8 vc_col-md-offset-1 vc_col-md-10 vc_col-sm-offset-1&#8243;]<div id=\"ultimate-heading-739569d4d9dfe1954\" class=\"uvc-heading ult-adjust-bottom-margin ultimate-heading-739569d4d9dfe1954 uvc-3896 \" data-hspacer=\"no_spacer\"  data-halign=\"center\" style=\"text-align:center\"><div class=\"uvc-heading-spacer no_spacer\" style=\"top\"><\/div><div class=\"uvc-main-heading ult-responsive\"  data-ultimate-target='.uvc-heading.ultimate-heading-739569d4d9dfe1954 h2'  data-responsive-json-new='{\"font-size\":\"desktop:34px;\",\"line-height\":\"desktop:44px;\"}' ><h2 style=\"font-weight:bold;color:#ffffff;margin-bottom:20px;\">BG Brand Patent Consulting<\/h2><\/div><div class=\"uvc-sub-heading ult-responsive\"  data-ultimate-target='.uvc-heading.ultimate-heading-739569d4d9dfe1954 .uvc-sub-heading '  data-responsive-json-new='{\"font-size\":\"desktop:60px;mobile_landscape:44px;\",\"line-height\":\"desktop:70px;mobile_landscape:54px;\"}'  style=\"font-family:&#039;Roboto Condensed&#039;;font-weight:bold;color:#111111;margin-bottom:40px;\">For More<\/div><\/div><div class=\" vc_custom_1531908908669 ubtn-ctn-center \"><a class=\"ubtn-link ult-adjust-bottom-margin ubtn-center ubtn-large \" href=\"http:\/\/www.bgmarkapatent.com\/contact\/\" ><button type=\"button\" id=\"ubtn-5608\"  class=\"ubtn ult-adjust-bottom-margin ult-responsive ubtn-large ubtn-no-hover-bg  none  ubtn-center   tooltip-69d4d9dfe19c2\"  data-hover=\"#e41658\" data-border-color=\"\" data-bg=\"#ffffff\" data-hover-bg=\"#ffffff\" data-border-hover=\"\" data-shadow-hover=\"\" data-shadow-click=\"none\" data-shadow=\"\" data-shd-shadow=\"\"  data-ultimate-target='#ubtn-5608'  data-responsive-json-new='{\"font-size\":\"desktop:24px;\",\"line-height\":\"desktop:34px;\"}'  style=\"font-family:&#039;Roboto Condensed&#039;;font-weight:bold;border:none;background: #ffffff;color: #111111;\"><span class=\"ubtn-hover\" style=\"background-color:#ffffff\"><\/span><span class=\"ubtn-data ubtn-text \" >Contact us<\/span><\/button><\/a><\/div>[\/vc_column][\/vc_row]<\/p>\n<\/div>","protected":false},"excerpt":{"rendered":"<p>[vc_row equal_height=&#8221;yes&#8221; content_placement=&#8221;middle&#8221; type=&#8221;vc_default&#8221; margin_top=&#8221;5&#8243; margin_bottom=&#8221;10&#8243; css=&#8221;.vc_custom_1491758514816{padding-top: 70px !important;padding-bottom: 30px !important;}&#8221;][vc_column][vc_row_inner equal_height=&#8221;yes&#8221; content_placement=&#8221;middle&#8221;][vc_column_inner width=&#8221;1\/2&#8243; css=&#8221;.vc_custom_1491746388981{padding-bottom: 50px !important;}&#8221;][\/vc_column_inner][vc_column_inner width=&#8221;1\/2&#8243; css=&#8221;.vc_custom_1491746397816{padding-bottom: 50px !important;}&#8221;][\/vc_column_inner][\/vc_row_inner][\/vc_column][\/vc_row][vc_row equal_height=&#8221;yes&#8221; content_placement=&#8221;top&#8221; bg_type=&#8221;u_iframe&#8221; u_video_url=&#8221;https:\/\/www.youtube.com\/watch?v=1iLRc-TULZo&#8221; video_opts=&#8221;loop,muted&#8221; video_poster=&#8221;id^2069|url^http:\/\/www.baranselkara.com\/bgmarka\/wp-content\/uploads\/2017\/12\/Ads\u0131z-1.png|caption^null|alt^null|title^VideoPost|description^null&#8221; bg_override=&#8221;ex-full&#8221; type=&#8221;vc_default&#8221; css=&#8221;.vc_custom_1513459636717{padding-top: 70px !important;padding-bottom: 75px !important;background-color: rgba(198,198,198,0.01) !important;*background-color: rgb(198,198,198) !important;}&#8221;][vc_column width=&#8221;5\/6&#8243; offset=&#8221;vc_col-lg-offset-2 vc_col-lg-8 vc_col-md-offset-1 vc_col-md-10 vc_col-sm-offset-1&#8243;][\/vc_column][\/vc_row]<\/p>\n","protected":false},"author":1,"featured_media":0,"parent":47,"menu_order":0,"comment_status":"closed","ping_status":"closed","template":"","meta":{"give_campaign_id":0,"footnotes":""},"class_list":["post-2099","page","type-page","status-publish","hentry","description-off"],"yoast_head":"<!-- This site is optimized with the Yoast SEO plugin v27.3 - https:\/\/yoast.com\/product\/yoast-seo-wordpress\/ -->\n<title>BG Marka Patent Dan\u0131\u015fmanl\u0131k Patent<\/title>\n<meta name=\"robots\" content=\"index, follow, max-snippet:-1, max-image-preview:large, max-video-preview:-1\" \/>\n<link rel=\"canonical\" href=\"https:\/\/www.bgmarkapatent.com\/en\/services\/patent\/\" \/>\n<meta property=\"og:locale\" content=\"en_US\" \/>\n<meta property=\"og:type\" content=\"article\" \/>\n<meta property=\"og:title\" content=\"BG Marka Patent Dan\u0131\u015fmanl\u0131k Patent\" \/>\n<meta property=\"og:description\" content=\"[vc_row equal_height=&#8221;yes&#8221; content_placement=&#8221;middle&#8221; type=&#8221;vc_default&#8221; margin_top=&#8221;5&#8243; margin_bottom=&#8221;10&#8243; css=&#8221;.vc_custom_1491758514816{padding-top: 70px !important;padding-bottom: 30px !important;}&#8221;][vc_column][vc_row_inner equal_height=&#8221;yes&#8221; content_placement=&#8221;middle&#8221;][vc_column_inner width=&#8221;1\/2&#8243; css=&#8221;.vc_custom_1491746388981{padding-bottom: 50px !important;}&#8221;][\/vc_column_inner][vc_column_inner width=&#8221;1\/2&#8243; css=&#8221;.vc_custom_1491746397816{padding-bottom: 50px !important;}&#8221;][\/vc_column_inner][\/vc_row_inner][\/vc_column][\/vc_row][vc_row equal_height=&#8221;yes&#8221; content_placement=&#8221;top&#8221; bg_type=&#8221;u_iframe&#8221; u_video_url=&#8221;https:\/\/www.youtube.com\/watch?v=1iLRc-TULZo&#8221; video_opts=&#8221;loop,muted&#8221; video_poster=&#8221;id^2069|url^http:\/\/www.baranselkara.com\/bgmarka\/wp-content\/uploads\/2017\/12\/Ads\u0131z-1.png|caption^null|alt^null|title^VideoPost|description^null&#8221; bg_override=&#8221;ex-full&#8221; type=&#8221;vc_default&#8221; css=&#8221;.vc_custom_1513459636717{padding-top: 70px !important;padding-bottom: 75px !important;background-color: rgba(198,198,198,0.01) !important;*background-color: rgb(198,198,198) !important;}&#8221;][vc_column width=&#8221;5\/6&#8243; offset=&#8221;vc_col-lg-offset-2 vc_col-lg-8 vc_col-md-offset-1 vc_col-md-10 vc_col-sm-offset-1&#8243;][\/vc_column][\/vc_row]\" \/>\n<meta property=\"og:url\" content=\"https:\/\/www.bgmarkapatent.com\/en\/services\/patent\/\" \/>\n<meta property=\"og:site_name\" content=\"BG Brand Patent Consultancy\" \/>\n<meta property=\"article:publisher\" content=\"https:\/\/www.facebook.com\/bgmarkapatent\" \/>\n<meta property=\"article:modified_time\" content=\"2018-07-18T10:15:14+00:00\" \/>\n<meta name=\"twitter:card\" content=\"summary_large_image\" \/>\n<meta name=\"twitter:site\" content=\"@bgmarkapatent\" \/>\n<meta name=\"twitter:label1\" content=\"Est. reading time\" \/>\n\t<meta name=\"twitter:data1\" content=\"3 minutes\" \/>\n<script type=\"application\/ld+json\" class=\"yoast-schema-graph\">{\"@context\":\"https:\\\/\\\/schema.org\",\"@graph\":[{\"@type\":\"WebPage\",\"@id\":\"https:\\\/\\\/www.bgmarkapatent.com\\\/en\\\/services\\\/patent\\\/\",\"url\":\"https:\\\/\\\/www.bgmarkapatent.com\\\/en\\\/services\\\/patent\\\/\",\"name\":\"BG Marka Patent Dan\u0131\u015fmanl\u0131k Patent\",\"isPartOf\":{\"@id\":\"https:\\\/\\\/www.bgmarkapatent.com\\\/#website\"},\"datePublished\":\"2017-12-16T22:47:06+00:00\",\"dateModified\":\"2018-07-18T10:15:14+00:00\",\"breadcrumb\":{\"@id\":\"https:\\\/\\\/www.bgmarkapatent.com\\\/en\\\/services\\\/patent\\\/#breadcrumb\"},\"inLanguage\":\"en-US\",\"potentialAction\":[{\"@type\":\"ReadAction\",\"target\":[\"https:\\\/\\\/www.bgmarkapatent.com\\\/en\\\/services\\\/patent\\\/\"]}]},{\"@type\":\"BreadcrumbList\",\"@id\":\"https:\\\/\\\/www.bgmarkapatent.com\\\/en\\\/services\\\/patent\\\/#breadcrumb\",\"itemListElement\":[{\"@type\":\"ListItem\",\"position\":1,\"name\":\"Ana sayfa\",\"item\":\"https:\\\/\\\/www.bgmarkapatent.com\\\/\"},{\"@type\":\"ListItem\",\"position\":2,\"name\":\"Hizmetlerimiz\",\"item\":\"https:\\\/\\\/www.bgmarkapatent.com\\\/services\\\/\"},{\"@type\":\"ListItem\",\"position\":3,\"name\":\"Patent\"}]},{\"@type\":\"WebSite\",\"@id\":\"https:\\\/\\\/www.bgmarkapatent.com\\\/#website\",\"url\":\"https:\\\/\\\/www.bgmarkapatent.com\\\/\",\"name\":\"BG Marka Patent Dan\u0131\u015fmanl\u0131k\",\"description\":\"Trademark Protection Patent\",\"publisher\":{\"@id\":\"https:\\\/\\\/www.bgmarkapatent.com\\\/#organization\"},\"potentialAction\":[{\"@type\":\"SearchAction\",\"target\":{\"@type\":\"EntryPoint\",\"urlTemplate\":\"https:\\\/\\\/www.bgmarkapatent.com\\\/?s={search_term_string}\"},\"query-input\":{\"@type\":\"PropertyValueSpecification\",\"valueRequired\":true,\"valueName\":\"search_term_string\"}}],\"inLanguage\":\"en-US\"},{\"@type\":\"Organization\",\"@id\":\"https:\\\/\\\/www.bgmarkapatent.com\\\/#organization\",\"name\":\"BG MARKA PATENT\",\"url\":\"https:\\\/\\\/www.bgmarkapatent.com\\\/\",\"logo\":{\"@type\":\"ImageObject\",\"inLanguage\":\"en-US\",\"@id\":\"https:\\\/\\\/www.bgmarkapatent.com\\\/#\\\/schema\\\/logo\\\/image\\\/\",\"url\":\"https:\\\/\\\/www.bgmarkapatent.com\\\/wp-content\\\/uploads\\\/2017\\\/12\\\/BG_Logo_yatay_1080_1-1.png\",\"contentUrl\":\"https:\\\/\\\/www.bgmarkapatent.com\\\/wp-content\\\/uploads\\\/2017\\\/12\\\/BG_Logo_yatay_1080_1-1.png\",\"width\":142,\"height\":105,\"caption\":\"BG MARKA PATENT\"},\"image\":{\"@id\":\"https:\\\/\\\/www.bgmarkapatent.com\\\/#\\\/schema\\\/logo\\\/image\\\/\"},\"sameAs\":[\"https:\\\/\\\/www.facebook.com\\\/bgmarkapatent\",\"https:\\\/\\\/x.com\\\/bgmarkapatent\",\"https:\\\/\\\/www.instagram.com\\\/bgmarkapatent\\\/?hl=tr\"]}]}<\/script>\n<!-- \/ Yoast SEO plugin. -->","yoast_head_json":{"title":"BG Marka Patent Dan\u0131\u015fmanl\u0131k Patent","robots":{"index":"index","follow":"follow","max-snippet":"max-snippet:-1","max-image-preview":"max-image-preview:large","max-video-preview":"max-video-preview:-1"},"canonical":"https:\/\/www.bgmarkapatent.com\/en\/services\/patent\/","og_locale":"en_US","og_type":"article","og_title":"BG Marka Patent Dan\u0131\u015fmanl\u0131k Patent","og_description":"[vc_row equal_height=&#8221;yes&#8221; content_placement=&#8221;middle&#8221; type=&#8221;vc_default&#8221; margin_top=&#8221;5&#8243; margin_bottom=&#8221;10&#8243; css=&#8221;.vc_custom_1491758514816{padding-top: 70px !important;padding-bottom: 30px !important;}&#8221;][vc_column][vc_row_inner equal_height=&#8221;yes&#8221; content_placement=&#8221;middle&#8221;][vc_column_inner width=&#8221;1\/2&#8243; css=&#8221;.vc_custom_1491746388981{padding-bottom: 50px !important;}&#8221;][\/vc_column_inner][vc_column_inner width=&#8221;1\/2&#8243; css=&#8221;.vc_custom_1491746397816{padding-bottom: 50px !important;}&#8221;][\/vc_column_inner][\/vc_row_inner][\/vc_column][\/vc_row][vc_row equal_height=&#8221;yes&#8221; content_placement=&#8221;top&#8221; bg_type=&#8221;u_iframe&#8221; u_video_url=&#8221;https:\/\/www.youtube.com\/watch?v=1iLRc-TULZo&#8221; video_opts=&#8221;loop,muted&#8221; video_poster=&#8221;id^2069|url^http:\/\/www.baranselkara.com\/bgmarka\/wp-content\/uploads\/2017\/12\/Ads\u0131z-1.png|caption^null|alt^null|title^VideoPost|description^null&#8221; bg_override=&#8221;ex-full&#8221; type=&#8221;vc_default&#8221; css=&#8221;.vc_custom_1513459636717{padding-top: 70px !important;padding-bottom: 75px !important;background-color: rgba(198,198,198,0.01) !important;*background-color: rgb(198,198,198) !important;}&#8221;][vc_column width=&#8221;5\/6&#8243; offset=&#8221;vc_col-lg-offset-2 vc_col-lg-8 vc_col-md-offset-1 vc_col-md-10 vc_col-sm-offset-1&#8243;][\/vc_column][\/vc_row]","og_url":"https:\/\/www.bgmarkapatent.com\/en\/services\/patent\/","og_site_name":"BG Brand Patent Consultancy","article_publisher":"https:\/\/www.facebook.com\/bgmarkapatent","article_modified_time":"2018-07-18T10:15:14+00:00","twitter_card":"summary_large_image","twitter_site":"@bgmarkapatent","twitter_misc":{"Est. reading time":"3 minutes"},"schema":{"@context":"https:\/\/schema.org","@graph":[{"@type":"WebPage","@id":"https:\/\/www.bgmarkapatent.com\/en\/services\/patent\/","url":"https:\/\/www.bgmarkapatent.com\/en\/services\/patent\/","name":"BG Marka Patent Dan\u0131\u015fmanl\u0131k Patent","isPartOf":{"@id":"https:\/\/www.bgmarkapatent.com\/#website"},"datePublished":"2017-12-16T22:47:06+00:00","dateModified":"2018-07-18T10:15:14+00:00","breadcrumb":{"@id":"https:\/\/www.bgmarkapatent.com\/en\/services\/patent\/#breadcrumb"},"inLanguage":"en-US","potentialAction":[{"@type":"ReadAction","target":["https:\/\/www.bgmarkapatent.com\/en\/services\/patent\/"]}]},{"@type":"BreadcrumbList","@id":"https:\/\/www.bgmarkapatent.com\/en\/services\/patent\/#breadcrumb","itemListElement":[{"@type":"ListItem","position":1,"name":"Ana sayfa","item":"https:\/\/www.bgmarkapatent.com\/"},{"@type":"ListItem","position":2,"name":"Hizmetlerimiz","item":"https:\/\/www.bgmarkapatent.com\/services\/"},{"@type":"ListItem","position":3,"name":"Patent"}]},{"@type":"WebSite","@id":"https:\/\/www.bgmarkapatent.com\/#website","url":"https:\/\/www.bgmarkapatent.com\/","name":"BG Marka Patent Dan\u0131\u015fmanl\u0131k","description":"Trademark Protection Patent","publisher":{"@id":"https:\/\/www.bgmarkapatent.com\/#organization"},"potentialAction":[{"@type":"SearchAction","target":{"@type":"EntryPoint","urlTemplate":"https:\/\/www.bgmarkapatent.com\/?s={search_term_string}"},"query-input":{"@type":"PropertyValueSpecification","valueRequired":true,"valueName":"search_term_string"}}],"inLanguage":"en-US"},{"@type":"Organization","@id":"https:\/\/www.bgmarkapatent.com\/#organization","name":"BG MARKA PATENT","url":"https:\/\/www.bgmarkapatent.com\/","logo":{"@type":"ImageObject","inLanguage":"en-US","@id":"https:\/\/www.bgmarkapatent.com\/#\/schema\/logo\/image\/","url":"https:\/\/www.bgmarkapatent.com\/wp-content\/uploads\/2017\/12\/BG_Logo_yatay_1080_1-1.png","contentUrl":"https:\/\/www.bgmarkapatent.com\/wp-content\/uploads\/2017\/12\/BG_Logo_yatay_1080_1-1.png","width":142,"height":105,"caption":"BG MARKA PATENT"},"image":{"@id":"https:\/\/www.bgmarkapatent.com\/#\/schema\/logo\/image\/"},"sameAs":["https:\/\/www.facebook.com\/bgmarkapatent","https:\/\/x.com\/bgmarkapatent","https:\/\/www.instagram.com\/bgmarkapatent\/?hl=tr"]}]}},"campaignId":"","_links":{"self":[{"href":"https:\/\/www.bgmarkapatent.com\/en\/wp-json\/wp\/v2\/pages\/2099","targetHints":{"allow":["GET"]}}],"collection":[{"href":"https:\/\/www.bgmarkapatent.com\/en\/wp-json\/wp\/v2\/pages"}],"about":[{"href":"https:\/\/www.bgmarkapatent.com\/en\/wp-json\/wp\/v2\/types\/page"}],"author":[{"embeddable":true,"href":"https:\/\/www.bgmarkapatent.com\/en\/wp-json\/wp\/v2\/users\/1"}],"replies":[{"embeddable":true,"href":"https:\/\/www.bgmarkapatent.com\/en\/wp-json\/wp\/v2\/comments?post=2099"}],"version-history":[{"count":0,"href":"https:\/\/www.bgmarkapatent.com\/en\/wp-json\/wp\/v2\/pages\/2099\/revisions"}],"up":[{"embeddable":true,"href":"https:\/\/www.bgmarkapatent.com\/en\/wp-json\/wp\/v2\/pages\/47"}],"wp:attachment":[{"href":"https:\/\/www.bgmarkapatent.com\/en\/wp-json\/wp\/v2\/media?parent=2099"}],"curies":[{"name":"wp","href":"https:\/\/api.w.org\/{rel}","templated":true}]}}