{"id":2108,"date":"2017-12-16T23:19:13","date_gmt":"2017-12-16T23:19:13","guid":{"rendered":"http:\/\/www.baranselkara.com\/bgmarka\/?page_id=2108"},"modified":"2018-07-18T10:17:36","modified_gmt":"2018-07-18T10:17:36","slug":"patent-arastirma","status":"publish","type":"page","link":"https:\/\/www.bgmarkapatent.com\/en\/services\/patent\/patent-arastirma\/","title":{"rendered":"Patent Research"},"content":{"rendered":"<div class=\"wpb-content-wrapper\"><p>[vc_row][vc_column][vc_empty_space][vc_column_text]<strong>Patent Research<\/strong><br \/>\nPreliminary research before or during the application of a patent \/ utility model ensures that the subject of the invention has knowledge of whether or not the invention has received patent protection elsewhere in the world. Thus, the application for a previously developed invention and the possible waste of time are avoided. You also have the opportunity to follow the latest technology and competitors in the world by accessing patents related to your business area through patent research.<\/p>\n<p>It is advisable for applicants to conduct a preliminary inquiry on the subject matter of the invention before it is officially available for patent application. Because it is necessary to apply for a patent to be new. Finding that a patent application is filed officially before or without conducting a preliminary investigation, and then finding out that the invention is not new can lead to time and cost losses.<\/p>\n<p>Another important advantage of the patent search is that the inventor can make the necessary arrangements in his invention based on the documents that he reports and can thus even overcome similar inventions. Otherwise, if similar documents are encountered after the application is made, the inventor will have to give up all similarities in this document and the area of \u200b\u200bthe invention will gradually narrow.[\/vc_column_text][\/vc_column][\/vc_row][vc_row][vc_column][\/vc_column][\/vc_row]<\/p>\n<\/div>","protected":false},"excerpt":{"rendered":"<p>[vc_row][vc_column][vc_empty_space][vc_column_text]Patent Research Preliminary research before or during the application of a patent \/ utility model ensures that the subject of the invention has knowledge of whether or not the invention has received patent protection elsewhere in the world. Thus, the application for a previously developed invention and the possible waste of time are avoided. You&hellip;<\/p>\n","protected":false},"author":1,"featured_media":0,"parent":2099,"menu_order":0,"comment_status":"closed","ping_status":"closed","template":"","meta":{"give_campaign_id":0,"footnotes":""},"class_list":["post-2108","page","type-page","status-publish","hentry","description-off"],"yoast_head":"<!-- This site is optimized with the Yoast SEO plugin v27.5 - https:\/\/yoast.com\/product\/yoast-seo-wordpress\/ -->\n<title>BG Marka Patent Dan\u0131\u015fmanl\u0131k Patent Ara\u015ft\u0131rma<\/title>\n<meta name=\"robots\" content=\"index, follow, max-snippet:-1, max-image-preview:large, max-video-preview:-1\" \/>\n<link rel=\"canonical\" href=\"https:\/\/www.bgmarkapatent.com\/en\/services\/patent\/patent-arastirma\/\" \/>\n<meta property=\"og:locale\" content=\"en_US\" \/>\n<meta property=\"og:type\" content=\"article\" \/>\n<meta property=\"og:title\" content=\"BG Marka Patent Dan\u0131\u015fmanl\u0131k Patent Ara\u015ft\u0131rma\" \/>\n<meta property=\"og:description\" content=\"[vc_row][vc_column][vc_empty_space][vc_column_text]Patent Research Preliminary research before or during the application of a patent \/ utility model ensures that the subject of the invention has knowledge of whether or not the invention has received patent protection elsewhere in the world. Thus, the application for a previously developed invention and the possible waste of time are avoided. You&hellip;\" \/>\n<meta property=\"og:url\" content=\"https:\/\/www.bgmarkapatent.com\/en\/services\/patent\/patent-arastirma\/\" \/>\n<meta property=\"og:site_name\" content=\"BG Brand Patent Consultancy\" \/>\n<meta property=\"article:publisher\" content=\"https:\/\/www.facebook.com\/bgmarkapatent\" \/>\n<meta property=\"article:modified_time\" content=\"2018-07-18T10:17:36+00:00\" \/>\n<meta name=\"twitter:card\" content=\"summary_large_image\" \/>\n<meta name=\"twitter:site\" content=\"@bgmarkapatent\" \/>\n<meta name=\"twitter:label1\" content=\"Est. reading time\" \/>\n\t<meta name=\"twitter:data1\" content=\"1 minute\" \/>\n<script type=\"application\/ld+json\" class=\"yoast-schema-graph\">{\"@context\":\"https:\\\/\\\/schema.org\",\"@graph\":[{\"@type\":\"WebPage\",\"@id\":\"https:\\\/\\\/www.bgmarkapatent.com\\\/en\\\/services\\\/patent\\\/patent-arastirma\\\/\",\"url\":\"https:\\\/\\\/www.bgmarkapatent.com\\\/en\\\/services\\\/patent\\\/patent-arastirma\\\/\",\"name\":\"BG Marka Patent Dan\u0131\u015fmanl\u0131k Patent Ara\u015ft\u0131rma\",\"isPartOf\":{\"@id\":\"https:\\\/\\\/www.bgmarkapatent.com\\\/#website\"},\"datePublished\":\"2017-12-16T23:19:13+00:00\",\"dateModified\":\"2018-07-18T10:17:36+00:00\",\"breadcrumb\":{\"@id\":\"https:\\\/\\\/www.bgmarkapatent.com\\\/en\\\/services\\\/patent\\\/patent-arastirma\\\/#breadcrumb\"},\"inLanguage\":\"en-US\",\"potentialAction\":[{\"@type\":\"ReadAction\",\"target\":[\"https:\\\/\\\/www.bgmarkapatent.com\\\/en\\\/services\\\/patent\\\/patent-arastirma\\\/\"]}]},{\"@type\":\"BreadcrumbList\",\"@id\":\"https:\\\/\\\/www.bgmarkapatent.com\\\/en\\\/services\\\/patent\\\/patent-arastirma\\\/#breadcrumb\",\"itemListElement\":[{\"@type\":\"ListItem\",\"position\":1,\"name\":\"Ana sayfa\",\"item\":\"https:\\\/\\\/www.bgmarkapatent.com\\\/\"},{\"@type\":\"ListItem\",\"position\":2,\"name\":\"Hizmetlerimiz\",\"item\":\"https:\\\/\\\/www.bgmarkapatent.com\\\/services\\\/\"},{\"@type\":\"ListItem\",\"position\":3,\"name\":\"Patent\",\"item\":\"https:\\\/\\\/www.bgmarkapatent.com\\\/en\\\/services\\\/patent\\\/\"},{\"@type\":\"ListItem\",\"position\":4,\"name\":\"Patent Research\"}]},{\"@type\":\"WebSite\",\"@id\":\"https:\\\/\\\/www.bgmarkapatent.com\\\/#website\",\"url\":\"https:\\\/\\\/www.bgmarkapatent.com\\\/\",\"name\":\"BG Marka Patent Dan\u0131\u015fmanl\u0131k\",\"description\":\"Trademark Protection Patent\",\"publisher\":{\"@id\":\"https:\\\/\\\/www.bgmarkapatent.com\\\/#organization\"},\"potentialAction\":[{\"@type\":\"SearchAction\",\"target\":{\"@type\":\"EntryPoint\",\"urlTemplate\":\"https:\\\/\\\/www.bgmarkapatent.com\\\/?s={search_term_string}\"},\"query-input\":{\"@type\":\"PropertyValueSpecification\",\"valueRequired\":true,\"valueName\":\"search_term_string\"}}],\"inLanguage\":\"en-US\"},{\"@type\":\"Organization\",\"@id\":\"https:\\\/\\\/www.bgmarkapatent.com\\\/#organization\",\"name\":\"BG MARKA PATENT\",\"url\":\"https:\\\/\\\/www.bgmarkapatent.com\\\/\",\"logo\":{\"@type\":\"ImageObject\",\"inLanguage\":\"en-US\",\"@id\":\"https:\\\/\\\/www.bgmarkapatent.com\\\/#\\\/schema\\\/logo\\\/image\\\/\",\"url\":\"https:\\\/\\\/www.bgmarkapatent.com\\\/wp-content\\\/uploads\\\/2017\\\/12\\\/BG_Logo_yatay_1080_1-1.png\",\"contentUrl\":\"https:\\\/\\\/www.bgmarkapatent.com\\\/wp-content\\\/uploads\\\/2017\\\/12\\\/BG_Logo_yatay_1080_1-1.png\",\"width\":142,\"height\":105,\"caption\":\"BG MARKA PATENT\"},\"image\":{\"@id\":\"https:\\\/\\\/www.bgmarkapatent.com\\\/#\\\/schema\\\/logo\\\/image\\\/\"},\"sameAs\":[\"https:\\\/\\\/www.facebook.com\\\/bgmarkapatent\",\"https:\\\/\\\/x.com\\\/bgmarkapatent\",\"https:\\\/\\\/www.instagram.com\\\/bgmarkapatent\\\/?hl=tr\"]}]}<\/script>\n<!-- \/ Yoast SEO plugin. -->","yoast_head_json":{"title":"BG Marka Patent Dan\u0131\u015fmanl\u0131k Patent Ara\u015ft\u0131rma","robots":{"index":"index","follow":"follow","max-snippet":"max-snippet:-1","max-image-preview":"max-image-preview:large","max-video-preview":"max-video-preview:-1"},"canonical":"https:\/\/www.bgmarkapatent.com\/en\/services\/patent\/patent-arastirma\/","og_locale":"en_US","og_type":"article","og_title":"BG Marka Patent Dan\u0131\u015fmanl\u0131k Patent Ara\u015ft\u0131rma","og_description":"[vc_row][vc_column][vc_empty_space][vc_column_text]Patent Research Preliminary research before or during the application of a patent \/ utility model ensures that the subject of the invention has knowledge of whether or not the invention has received patent protection elsewhere in the world. Thus, the application for a previously developed invention and the possible waste of time are avoided. You&hellip;","og_url":"https:\/\/www.bgmarkapatent.com\/en\/services\/patent\/patent-arastirma\/","og_site_name":"BG Brand Patent Consultancy","article_publisher":"https:\/\/www.facebook.com\/bgmarkapatent","article_modified_time":"2018-07-18T10:17:36+00:00","twitter_card":"summary_large_image","twitter_site":"@bgmarkapatent","twitter_misc":{"Est. reading time":"1 minute"},"schema":{"@context":"https:\/\/schema.org","@graph":[{"@type":"WebPage","@id":"https:\/\/www.bgmarkapatent.com\/en\/services\/patent\/patent-arastirma\/","url":"https:\/\/www.bgmarkapatent.com\/en\/services\/patent\/patent-arastirma\/","name":"BG Marka Patent Dan\u0131\u015fmanl\u0131k Patent Ara\u015ft\u0131rma","isPartOf":{"@id":"https:\/\/www.bgmarkapatent.com\/#website"},"datePublished":"2017-12-16T23:19:13+00:00","dateModified":"2018-07-18T10:17:36+00:00","breadcrumb":{"@id":"https:\/\/www.bgmarkapatent.com\/en\/services\/patent\/patent-arastirma\/#breadcrumb"},"inLanguage":"en-US","potentialAction":[{"@type":"ReadAction","target":["https:\/\/www.bgmarkapatent.com\/en\/services\/patent\/patent-arastirma\/"]}]},{"@type":"BreadcrumbList","@id":"https:\/\/www.bgmarkapatent.com\/en\/services\/patent\/patent-arastirma\/#breadcrumb","itemListElement":[{"@type":"ListItem","position":1,"name":"Ana sayfa","item":"https:\/\/www.bgmarkapatent.com\/"},{"@type":"ListItem","position":2,"name":"Hizmetlerimiz","item":"https:\/\/www.bgmarkapatent.com\/services\/"},{"@type":"ListItem","position":3,"name":"Patent","item":"https:\/\/www.bgmarkapatent.com\/en\/services\/patent\/"},{"@type":"ListItem","position":4,"name":"Patent Research"}]},{"@type":"WebSite","@id":"https:\/\/www.bgmarkapatent.com\/#website","url":"https:\/\/www.bgmarkapatent.com\/","name":"BG Marka Patent Dan\u0131\u015fmanl\u0131k","description":"Trademark Protection Patent","publisher":{"@id":"https:\/\/www.bgmarkapatent.com\/#organization"},"potentialAction":[{"@type":"SearchAction","target":{"@type":"EntryPoint","urlTemplate":"https:\/\/www.bgmarkapatent.com\/?s={search_term_string}"},"query-input":{"@type":"PropertyValueSpecification","valueRequired":true,"valueName":"search_term_string"}}],"inLanguage":"en-US"},{"@type":"Organization","@id":"https:\/\/www.bgmarkapatent.com\/#organization","name":"BG MARKA PATENT","url":"https:\/\/www.bgmarkapatent.com\/","logo":{"@type":"ImageObject","inLanguage":"en-US","@id":"https:\/\/www.bgmarkapatent.com\/#\/schema\/logo\/image\/","url":"https:\/\/www.bgmarkapatent.com\/wp-content\/uploads\/2017\/12\/BG_Logo_yatay_1080_1-1.png","contentUrl":"https:\/\/www.bgmarkapatent.com\/wp-content\/uploads\/2017\/12\/BG_Logo_yatay_1080_1-1.png","width":142,"height":105,"caption":"BG MARKA PATENT"},"image":{"@id":"https:\/\/www.bgmarkapatent.com\/#\/schema\/logo\/image\/"},"sameAs":["https:\/\/www.facebook.com\/bgmarkapatent","https:\/\/x.com\/bgmarkapatent","https:\/\/www.instagram.com\/bgmarkapatent\/?hl=tr"]}]}},"campaignId":"","_links":{"self":[{"href":"https:\/\/www.bgmarkapatent.com\/en\/wp-json\/wp\/v2\/pages\/2108","targetHints":{"allow":["GET"]}}],"collection":[{"href":"https:\/\/www.bgmarkapatent.com\/en\/wp-json\/wp\/v2\/pages"}],"about":[{"href":"https:\/\/www.bgmarkapatent.com\/en\/wp-json\/wp\/v2\/types\/page"}],"author":[{"embeddable":true,"href":"https:\/\/www.bgmarkapatent.com\/en\/wp-json\/wp\/v2\/users\/1"}],"replies":[{"embeddable":true,"href":"https:\/\/www.bgmarkapatent.com\/en\/wp-json\/wp\/v2\/comments?post=2108"}],"version-history":[{"count":0,"href":"https:\/\/www.bgmarkapatent.com\/en\/wp-json\/wp\/v2\/pages\/2108\/revisions"}],"up":[{"embeddable":true,"href":"https:\/\/www.bgmarkapatent.com\/en\/wp-json\/wp\/v2\/pages\/2099"}],"wp:attachment":[{"href":"https:\/\/www.bgmarkapatent.com\/en\/wp-json\/wp\/v2\/media?parent=2108"}],"curies":[{"name":"wp","href":"https:\/\/api.w.org\/{rel}","templated":true}]}}