{"id":2155,"date":"2017-12-17T18:49:28","date_gmt":"2017-12-17T18:49:28","guid":{"rendered":"http:\/\/www.baranselkara.com\/bgmarka\/?page_id=2155"},"modified":"2018-07-18T10:02:19","modified_gmt":"2018-07-18T10:02:19","slug":"cografi-isaret","status":"publish","type":"page","link":"https:\/\/www.bgmarkapatent.com\/en\/services\/ozel-hizmetler\/cografi-isaret\/","title":{"rendered":"Geographical Indication"},"content":{"rendered":"<div class=\"wpb-content-wrapper\"><p>[vc_row][vc_column][vc_column_text]Names and signs that a product has more privileged features than other products or that are identified with a locality, area, and country by a reputation or other feature are called geographical signs. For example;<\/p>\n<ul>\n<li>Kebab of Adana,<\/li>\n<li>Afyon Sucu\u011fu,<\/li>\n<li>Akcaabat meatballs,<\/li>\n<li>Eski\u015fehir \u00c7ib\u00f6re\u011fi<\/li>\n<\/ul>\n<p>Processes of any product, carpet, rug, fruit, stone, metal, various materials of a region may be different from those produced in other regions. A carpet, kilim, fabric, tile etc. produced in one region. a product may have gained a reputation. The use of that name in these products is perceived by consumers as having a certain quality of that product and can be found reliable. Consumers may prefer products sold in the name of the region to other products of the same quality with a certain confidence in the name of the region.<\/p>\n<p>We are at your side as BG Trademark in the process of being able to support the geographical values \u200b\u200bof our country.[\/vc_column_text][\/vc_column][\/vc_row][vc_row][vc_column][vc_column_text]<\/p>\n<h4>WHAT ARE THE GEOGRAPHICAL SIGNAL?<\/h4>\n<p>In short, the geographical sign; &#8220;is a sign that identifies and indicates a product identified with a locality, area, region, or country with a particular qualification, reputation and other characteristics&#8221;.<\/p>\n<p>Processes of any product, carpet, rug, fruit, stone, metal, various materials of a region may be different from those produced in other regions. A carpet, kilim, fabric, tile etc. produced in one region. a product may have gained a reputation. The use of that name in these products is perceived by consumers as having a certain quality of that product and can be found reliable. Consumers may prefer products sold in the name of the region to other products of the same quality with a certain confidence in the name of the region.<\/p>\n<p>Geographical Signs are divided into two groups as origin and center marks<\/p>\n<p><strong>ORIGINAL SIGNAL<\/strong><br \/>\nOrigin mark; a region, area, region with geographical boundaries; the production, processing and other processes arising out of the territory, area, region-specific nature and human factor identified with this locality, area or region by a specific characteristic, reputation or other characteristics originating in the country in very special circumstances product.<\/p>\n<p>The name of origin must be produced in the place defined by the whole product in the name of origin.<\/p>\n<p>Example: Circassian Peyniri, Van Oat Cheese, Anzer Bal\u0131. These products are not produced outside the geographical region they belong to. Because the product can win its qualifications only if it is produced in the region where it belongs.<\/p>\n<p>The name of a locality, area or region originating from a product shall be the &#8220;name of origin&#8221; if the following conditions are met:<\/p>\n<p>It is a product originating from a country, area, region, or country in very specific geographical boundaries;<br \/>\nAll qualities or characteristics are products originating from nature and human characteristics specific to this locality, area or area;<br \/>\nIf the production, processing and other processing is a product made entirely within the boundaries of this region, area or region<br \/>\nGeographical or non-geographical names that are traditionally used to identify a product that meets these conditions and that originate from a specific locality, area, or area may also be used as origin names.[\/vc_column_text][\/vc_column][\/vc_row]<\/p>\n<\/div>","protected":false},"excerpt":{"rendered":"<p>[vc_row][vc_column][vc_column_text]Names and signs that a product has more privileged features than other products or that are identified with a locality, area, and country by a reputation or other feature are called geographical signs. For example; Kebab of Adana, Afyon Sucu\u011fu, Akcaabat meatballs, Eski\u015fehir \u00c7ib\u00f6re\u011fi Processes of any product, carpet, rug, fruit, stone, metal, various materials&hellip;<\/p>\n","protected":false},"author":1,"featured_media":0,"parent":2149,"menu_order":0,"comment_status":"closed","ping_status":"closed","template":"","meta":{"give_campaign_id":0,"footnotes":""},"class_list":["post-2155","page","type-page","status-publish","hentry","description-off"],"yoast_head":"<!-- This site is optimized with the Yoast SEO plugin v27.5 - https:\/\/yoast.com\/product\/yoast-seo-wordpress\/ -->\n<title>BG Marka Patent Dan\u0131\u015fmanl\u0131k<\/title>\n<meta name=\"robots\" content=\"index, follow, max-snippet:-1, max-image-preview:large, max-video-preview:-1\" \/>\n<link rel=\"canonical\" href=\"https:\/\/www.bgmarkapatent.com\/en\/services\/ozel-hizmetler\/cografi-isaret\/\" \/>\n<meta property=\"og:locale\" content=\"en_US\" \/>\n<meta property=\"og:type\" content=\"article\" \/>\n<meta property=\"og:title\" content=\"BG Marka Patent Dan\u0131\u015fmanl\u0131k\" \/>\n<meta property=\"og:description\" content=\"[vc_row][vc_column][vc_column_text]Names and signs that a product has more privileged features than other products or that are identified with a locality, area, and country by a reputation or other feature are called geographical signs. For example; Kebab of Adana, Afyon Sucu\u011fu, Akcaabat meatballs, Eski\u015fehir \u00c7ib\u00f6re\u011fi Processes of any product, carpet, rug, fruit, stone, metal, various materials&hellip;\" \/>\n<meta property=\"og:url\" content=\"https:\/\/www.bgmarkapatent.com\/en\/services\/ozel-hizmetler\/cografi-isaret\/\" \/>\n<meta property=\"og:site_name\" content=\"BG Brand Patent Consultancy\" \/>\n<meta property=\"article:publisher\" content=\"https:\/\/www.facebook.com\/bgmarkapatent\" \/>\n<meta property=\"article:modified_time\" content=\"2018-07-18T10:02:19+00:00\" \/>\n<meta name=\"twitter:card\" content=\"summary_large_image\" \/>\n<meta name=\"twitter:site\" content=\"@bgmarkapatent\" \/>\n<meta name=\"twitter:label1\" content=\"Est. reading time\" \/>\n\t<meta name=\"twitter:data1\" content=\"3 minutes\" \/>\n<script type=\"application\/ld+json\" class=\"yoast-schema-graph\">{\"@context\":\"https:\\\/\\\/schema.org\",\"@graph\":[{\"@type\":\"WebPage\",\"@id\":\"https:\\\/\\\/www.bgmarkapatent.com\\\/en\\\/services\\\/ozel-hizmetler\\\/cografi-isaret\\\/\",\"url\":\"https:\\\/\\\/www.bgmarkapatent.com\\\/en\\\/services\\\/ozel-hizmetler\\\/cografi-isaret\\\/\",\"name\":\"BG Marka Patent Dan\u0131\u015fmanl\u0131k\",\"isPartOf\":{\"@id\":\"https:\\\/\\\/www.bgmarkapatent.com\\\/#website\"},\"datePublished\":\"2017-12-17T18:49:28+00:00\",\"dateModified\":\"2018-07-18T10:02:19+00:00\",\"breadcrumb\":{\"@id\":\"https:\\\/\\\/www.bgmarkapatent.com\\\/en\\\/services\\\/ozel-hizmetler\\\/cografi-isaret\\\/#breadcrumb\"},\"inLanguage\":\"en-US\",\"potentialAction\":[{\"@type\":\"ReadAction\",\"target\":[\"https:\\\/\\\/www.bgmarkapatent.com\\\/en\\\/services\\\/ozel-hizmetler\\\/cografi-isaret\\\/\"]}]},{\"@type\":\"BreadcrumbList\",\"@id\":\"https:\\\/\\\/www.bgmarkapatent.com\\\/en\\\/services\\\/ozel-hizmetler\\\/cografi-isaret\\\/#breadcrumb\",\"itemListElement\":[{\"@type\":\"ListItem\",\"position\":1,\"name\":\"Ana sayfa\",\"item\":\"https:\\\/\\\/www.bgmarkapatent.com\\\/\"},{\"@type\":\"ListItem\",\"position\":2,\"name\":\"Hizmetlerimiz\",\"item\":\"https:\\\/\\\/www.bgmarkapatent.com\\\/services\\\/\"},{\"@type\":\"ListItem\",\"position\":3,\"name\":\"\u00d6zel Hizmetler\",\"item\":\"https:\\\/\\\/www.bgmarkapatent.com\\\/services\\\/ozel-hizmetler\\\/\"},{\"@type\":\"ListItem\",\"position\":4,\"name\":\"Geographical Indication\"}]},{\"@type\":\"WebSite\",\"@id\":\"https:\\\/\\\/www.bgmarkapatent.com\\\/#website\",\"url\":\"https:\\\/\\\/www.bgmarkapatent.com\\\/\",\"name\":\"BG Marka Patent Dan\u0131\u015fmanl\u0131k\",\"description\":\"Trademark Protection Patent\",\"publisher\":{\"@id\":\"https:\\\/\\\/www.bgmarkapatent.com\\\/#organization\"},\"potentialAction\":[{\"@type\":\"SearchAction\",\"target\":{\"@type\":\"EntryPoint\",\"urlTemplate\":\"https:\\\/\\\/www.bgmarkapatent.com\\\/?s={search_term_string}\"},\"query-input\":{\"@type\":\"PropertyValueSpecification\",\"valueRequired\":true,\"valueName\":\"search_term_string\"}}],\"inLanguage\":\"en-US\"},{\"@type\":\"Organization\",\"@id\":\"https:\\\/\\\/www.bgmarkapatent.com\\\/#organization\",\"name\":\"BG MARKA PATENT\",\"url\":\"https:\\\/\\\/www.bgmarkapatent.com\\\/\",\"logo\":{\"@type\":\"ImageObject\",\"inLanguage\":\"en-US\",\"@id\":\"https:\\\/\\\/www.bgmarkapatent.com\\\/#\\\/schema\\\/logo\\\/image\\\/\",\"url\":\"https:\\\/\\\/www.bgmarkapatent.com\\\/wp-content\\\/uploads\\\/2017\\\/12\\\/BG_Logo_yatay_1080_1-1.png\",\"contentUrl\":\"https:\\\/\\\/www.bgmarkapatent.com\\\/wp-content\\\/uploads\\\/2017\\\/12\\\/BG_Logo_yatay_1080_1-1.png\",\"width\":142,\"height\":105,\"caption\":\"BG MARKA PATENT\"},\"image\":{\"@id\":\"https:\\\/\\\/www.bgmarkapatent.com\\\/#\\\/schema\\\/logo\\\/image\\\/\"},\"sameAs\":[\"https:\\\/\\\/www.facebook.com\\\/bgmarkapatent\",\"https:\\\/\\\/x.com\\\/bgmarkapatent\",\"https:\\\/\\\/www.instagram.com\\\/bgmarkapatent\\\/?hl=tr\"]}]}<\/script>\n<!-- \/ Yoast SEO plugin. -->","yoast_head_json":{"title":"BG Marka Patent Dan\u0131\u015fmanl\u0131k","robots":{"index":"index","follow":"follow","max-snippet":"max-snippet:-1","max-image-preview":"max-image-preview:large","max-video-preview":"max-video-preview:-1"},"canonical":"https:\/\/www.bgmarkapatent.com\/en\/services\/ozel-hizmetler\/cografi-isaret\/","og_locale":"en_US","og_type":"article","og_title":"BG Marka Patent Dan\u0131\u015fmanl\u0131k","og_description":"[vc_row][vc_column][vc_column_text]Names and signs that a product has more privileged features than other products or that are identified with a locality, area, and country by a reputation or other feature are called geographical signs. For example; Kebab of Adana, Afyon Sucu\u011fu, Akcaabat meatballs, Eski\u015fehir \u00c7ib\u00f6re\u011fi Processes of any product, carpet, rug, fruit, stone, metal, various materials&hellip;","og_url":"https:\/\/www.bgmarkapatent.com\/en\/services\/ozel-hizmetler\/cografi-isaret\/","og_site_name":"BG Brand Patent Consultancy","article_publisher":"https:\/\/www.facebook.com\/bgmarkapatent","article_modified_time":"2018-07-18T10:02:19+00:00","twitter_card":"summary_large_image","twitter_site":"@bgmarkapatent","twitter_misc":{"Est. reading time":"3 minutes"},"schema":{"@context":"https:\/\/schema.org","@graph":[{"@type":"WebPage","@id":"https:\/\/www.bgmarkapatent.com\/en\/services\/ozel-hizmetler\/cografi-isaret\/","url":"https:\/\/www.bgmarkapatent.com\/en\/services\/ozel-hizmetler\/cografi-isaret\/","name":"BG Marka Patent Dan\u0131\u015fmanl\u0131k","isPartOf":{"@id":"https:\/\/www.bgmarkapatent.com\/#website"},"datePublished":"2017-12-17T18:49:28+00:00","dateModified":"2018-07-18T10:02:19+00:00","breadcrumb":{"@id":"https:\/\/www.bgmarkapatent.com\/en\/services\/ozel-hizmetler\/cografi-isaret\/#breadcrumb"},"inLanguage":"en-US","potentialAction":[{"@type":"ReadAction","target":["https:\/\/www.bgmarkapatent.com\/en\/services\/ozel-hizmetler\/cografi-isaret\/"]}]},{"@type":"BreadcrumbList","@id":"https:\/\/www.bgmarkapatent.com\/en\/services\/ozel-hizmetler\/cografi-isaret\/#breadcrumb","itemListElement":[{"@type":"ListItem","position":1,"name":"Ana sayfa","item":"https:\/\/www.bgmarkapatent.com\/"},{"@type":"ListItem","position":2,"name":"Hizmetlerimiz","item":"https:\/\/www.bgmarkapatent.com\/services\/"},{"@type":"ListItem","position":3,"name":"\u00d6zel Hizmetler","item":"https:\/\/www.bgmarkapatent.com\/services\/ozel-hizmetler\/"},{"@type":"ListItem","position":4,"name":"Geographical Indication"}]},{"@type":"WebSite","@id":"https:\/\/www.bgmarkapatent.com\/#website","url":"https:\/\/www.bgmarkapatent.com\/","name":"BG Marka Patent Dan\u0131\u015fmanl\u0131k","description":"Trademark Protection Patent","publisher":{"@id":"https:\/\/www.bgmarkapatent.com\/#organization"},"potentialAction":[{"@type":"SearchAction","target":{"@type":"EntryPoint","urlTemplate":"https:\/\/www.bgmarkapatent.com\/?s={search_term_string}"},"query-input":{"@type":"PropertyValueSpecification","valueRequired":true,"valueName":"search_term_string"}}],"inLanguage":"en-US"},{"@type":"Organization","@id":"https:\/\/www.bgmarkapatent.com\/#organization","name":"BG MARKA PATENT","url":"https:\/\/www.bgmarkapatent.com\/","logo":{"@type":"ImageObject","inLanguage":"en-US","@id":"https:\/\/www.bgmarkapatent.com\/#\/schema\/logo\/image\/","url":"https:\/\/www.bgmarkapatent.com\/wp-content\/uploads\/2017\/12\/BG_Logo_yatay_1080_1-1.png","contentUrl":"https:\/\/www.bgmarkapatent.com\/wp-content\/uploads\/2017\/12\/BG_Logo_yatay_1080_1-1.png","width":142,"height":105,"caption":"BG MARKA PATENT"},"image":{"@id":"https:\/\/www.bgmarkapatent.com\/#\/schema\/logo\/image\/"},"sameAs":["https:\/\/www.facebook.com\/bgmarkapatent","https:\/\/x.com\/bgmarkapatent","https:\/\/www.instagram.com\/bgmarkapatent\/?hl=tr"]}]}},"campaignId":"","_links":{"self":[{"href":"https:\/\/www.bgmarkapatent.com\/en\/wp-json\/wp\/v2\/pages\/2155","targetHints":{"allow":["GET"]}}],"collection":[{"href":"https:\/\/www.bgmarkapatent.com\/en\/wp-json\/wp\/v2\/pages"}],"about":[{"href":"https:\/\/www.bgmarkapatent.com\/en\/wp-json\/wp\/v2\/types\/page"}],"author":[{"embeddable":true,"href":"https:\/\/www.bgmarkapatent.com\/en\/wp-json\/wp\/v2\/users\/1"}],"replies":[{"embeddable":true,"href":"https:\/\/www.bgmarkapatent.com\/en\/wp-json\/wp\/v2\/comments?post=2155"}],"version-history":[{"count":0,"href":"https:\/\/www.bgmarkapatent.com\/en\/wp-json\/wp\/v2\/pages\/2155\/revisions"}],"up":[{"embeddable":true,"href":"https:\/\/www.bgmarkapatent.com\/en\/wp-json\/wp\/v2\/pages\/2149"}],"wp:attachment":[{"href":"https:\/\/www.bgmarkapatent.com\/en\/wp-json\/wp\/v2\/media?parent=2155"}],"curies":[{"name":"wp","href":"https:\/\/api.w.org\/{rel}","templated":true}]}}