{"id":2179,"date":"2017-12-17T19:27:28","date_gmt":"2017-12-17T19:27:28","guid":{"rendered":"http:\/\/www.baranselkara.com\/bgmarka\/?page_id=2179"},"modified":"2018-07-18T10:07:00","modified_gmt":"2018-07-18T10:07:00","slug":"marka-izleme","status":"publish","type":"page","link":"https:\/\/www.bgmarkapatent.com\/en\/services\/ozel-hizmetler\/marka-izleme\/","title":{"rendered":"Brand Tracking"},"content":{"rendered":"<div class=\"wpb-content-wrapper\"><p>[vc_row][vc_column][vc_column_text]The trademarks applied to the Turkish Patent Institute are announced in the monthly Trademark Bulletins which are published monthly to be registered. Marks announced in newsletters are suspended for 2 months. In the follow-up of the brand, studies are being made to compare the brands declared in the bulletins in the name of the brand owner in terms of similarity with the registered trademarks and to prevent the registration of similar brands.<\/p>\n<p>It is not possible to evaluate each of the applied trademark, trademarked individual with registered trademark and the like of the brand because of the continuous follow-up difficulties of the monthly announcement system and bulletins. The registration of the applied trademark will be effected if no appeal is filed against similar or similar similar trademarks which are announced in the monthly official brand newsletter. This means the victimization of real rights holders. is a system developed to protect rights by appealing to similar brands that have the right to receive brand monitoring services on time.[\/vc_column_text][\/vc_column][\/vc_row]<\/p>\n<\/div>","protected":false},"excerpt":{"rendered":"<p>[vc_row][vc_column][vc_column_text]The trademarks applied to the Turkish Patent Institute are announced in the monthly Trademark Bulletins which are published monthly to be registered. Marks announced in newsletters are suspended for 2 months. In the follow-up of the brand, studies are being made to compare the brands declared in the bulletins in the name of the brand&hellip;<\/p>\n","protected":false},"author":1,"featured_media":0,"parent":2149,"menu_order":0,"comment_status":"closed","ping_status":"closed","template":"","meta":{"give_campaign_id":0,"footnotes":""},"class_list":["post-2179","page","type-page","status-publish","hentry","description-off"],"yoast_head":"<!-- This site is optimized with the Yoast SEO plugin v27.4 - https:\/\/yoast.com\/product\/yoast-seo-wordpress\/ -->\n<title>BG Marka Patent Dan\u0131\u015fmanl\u0131k Marka \u0130zleme<\/title>\n<meta name=\"robots\" content=\"index, follow, max-snippet:-1, max-image-preview:large, max-video-preview:-1\" \/>\n<link rel=\"canonical\" href=\"https:\/\/www.bgmarkapatent.com\/en\/services\/ozel-hizmetler\/marka-izleme\/\" \/>\n<meta property=\"og:locale\" content=\"en_US\" \/>\n<meta property=\"og:type\" content=\"article\" \/>\n<meta property=\"og:title\" content=\"BG Marka Patent Dan\u0131\u015fmanl\u0131k Marka \u0130zleme\" \/>\n<meta property=\"og:description\" content=\"[vc_row][vc_column][vc_column_text]The trademarks applied to the Turkish Patent Institute are announced in the monthly Trademark Bulletins which are published monthly to be registered. Marks announced in newsletters are suspended for 2 months. In the follow-up of the brand, studies are being made to compare the brands declared in the bulletins in the name of the brand&hellip;\" \/>\n<meta property=\"og:url\" content=\"https:\/\/www.bgmarkapatent.com\/en\/services\/ozel-hizmetler\/marka-izleme\/\" \/>\n<meta property=\"og:site_name\" content=\"BG Brand Patent Consultancy\" \/>\n<meta property=\"article:publisher\" content=\"https:\/\/www.facebook.com\/bgmarkapatent\" \/>\n<meta property=\"article:modified_time\" content=\"2018-07-18T10:07:00+00:00\" \/>\n<meta name=\"twitter:card\" content=\"summary_large_image\" \/>\n<meta name=\"twitter:site\" content=\"@bgmarkapatent\" \/>\n<meta name=\"twitter:label1\" content=\"Est. reading time\" \/>\n\t<meta name=\"twitter:data1\" content=\"1 minute\" \/>\n<script type=\"application\/ld+json\" class=\"yoast-schema-graph\">{\"@context\":\"https:\\\/\\\/schema.org\",\"@graph\":[{\"@type\":\"WebPage\",\"@id\":\"https:\\\/\\\/www.bgmarkapatent.com\\\/en\\\/services\\\/ozel-hizmetler\\\/marka-izleme\\\/\",\"url\":\"https:\\\/\\\/www.bgmarkapatent.com\\\/en\\\/services\\\/ozel-hizmetler\\\/marka-izleme\\\/\",\"name\":\"BG Marka Patent Dan\u0131\u015fmanl\u0131k Marka \u0130zleme\",\"isPartOf\":{\"@id\":\"https:\\\/\\\/www.bgmarkapatent.com\\\/#website\"},\"datePublished\":\"2017-12-17T19:27:28+00:00\",\"dateModified\":\"2018-07-18T10:07:00+00:00\",\"breadcrumb\":{\"@id\":\"https:\\\/\\\/www.bgmarkapatent.com\\\/en\\\/services\\\/ozel-hizmetler\\\/marka-izleme\\\/#breadcrumb\"},\"inLanguage\":\"en-US\",\"potentialAction\":[{\"@type\":\"ReadAction\",\"target\":[\"https:\\\/\\\/www.bgmarkapatent.com\\\/en\\\/services\\\/ozel-hizmetler\\\/marka-izleme\\\/\"]}]},{\"@type\":\"BreadcrumbList\",\"@id\":\"https:\\\/\\\/www.bgmarkapatent.com\\\/en\\\/services\\\/ozel-hizmetler\\\/marka-izleme\\\/#breadcrumb\",\"itemListElement\":[{\"@type\":\"ListItem\",\"position\":1,\"name\":\"Ana sayfa\",\"item\":\"https:\\\/\\\/www.bgmarkapatent.com\\\/\"},{\"@type\":\"ListItem\",\"position\":2,\"name\":\"Hizmetlerimiz\",\"item\":\"https:\\\/\\\/www.bgmarkapatent.com\\\/services\\\/\"},{\"@type\":\"ListItem\",\"position\":3,\"name\":\"\u00d6zel Hizmetler\",\"item\":\"https:\\\/\\\/www.bgmarkapatent.com\\\/services\\\/ozel-hizmetler\\\/\"},{\"@type\":\"ListItem\",\"position\":4,\"name\":\"Brand Tracking\"}]},{\"@type\":\"WebSite\",\"@id\":\"https:\\\/\\\/www.bgmarkapatent.com\\\/#website\",\"url\":\"https:\\\/\\\/www.bgmarkapatent.com\\\/\",\"name\":\"BG Marka Patent Dan\u0131\u015fmanl\u0131k\",\"description\":\"Trademark Protection Patent\",\"publisher\":{\"@id\":\"https:\\\/\\\/www.bgmarkapatent.com\\\/#organization\"},\"potentialAction\":[{\"@type\":\"SearchAction\",\"target\":{\"@type\":\"EntryPoint\",\"urlTemplate\":\"https:\\\/\\\/www.bgmarkapatent.com\\\/?s={search_term_string}\"},\"query-input\":{\"@type\":\"PropertyValueSpecification\",\"valueRequired\":true,\"valueName\":\"search_term_string\"}}],\"inLanguage\":\"en-US\"},{\"@type\":\"Organization\",\"@id\":\"https:\\\/\\\/www.bgmarkapatent.com\\\/#organization\",\"name\":\"BG MARKA PATENT\",\"url\":\"https:\\\/\\\/www.bgmarkapatent.com\\\/\",\"logo\":{\"@type\":\"ImageObject\",\"inLanguage\":\"en-US\",\"@id\":\"https:\\\/\\\/www.bgmarkapatent.com\\\/#\\\/schema\\\/logo\\\/image\\\/\",\"url\":\"https:\\\/\\\/www.bgmarkapatent.com\\\/wp-content\\\/uploads\\\/2017\\\/12\\\/BG_Logo_yatay_1080_1-1.png\",\"contentUrl\":\"https:\\\/\\\/www.bgmarkapatent.com\\\/wp-content\\\/uploads\\\/2017\\\/12\\\/BG_Logo_yatay_1080_1-1.png\",\"width\":142,\"height\":105,\"caption\":\"BG MARKA PATENT\"},\"image\":{\"@id\":\"https:\\\/\\\/www.bgmarkapatent.com\\\/#\\\/schema\\\/logo\\\/image\\\/\"},\"sameAs\":[\"https:\\\/\\\/www.facebook.com\\\/bgmarkapatent\",\"https:\\\/\\\/x.com\\\/bgmarkapatent\",\"https:\\\/\\\/www.instagram.com\\\/bgmarkapatent\\\/?hl=tr\"]}]}<\/script>\n<!-- \/ Yoast SEO plugin. -->","yoast_head_json":{"title":"BG Marka Patent Dan\u0131\u015fmanl\u0131k Marka \u0130zleme","robots":{"index":"index","follow":"follow","max-snippet":"max-snippet:-1","max-image-preview":"max-image-preview:large","max-video-preview":"max-video-preview:-1"},"canonical":"https:\/\/www.bgmarkapatent.com\/en\/services\/ozel-hizmetler\/marka-izleme\/","og_locale":"en_US","og_type":"article","og_title":"BG Marka Patent Dan\u0131\u015fmanl\u0131k Marka \u0130zleme","og_description":"[vc_row][vc_column][vc_column_text]The trademarks applied to the Turkish Patent Institute are announced in the monthly Trademark Bulletins which are published monthly to be registered. Marks announced in newsletters are suspended for 2 months. In the follow-up of the brand, studies are being made to compare the brands declared in the bulletins in the name of the brand&hellip;","og_url":"https:\/\/www.bgmarkapatent.com\/en\/services\/ozel-hizmetler\/marka-izleme\/","og_site_name":"BG Brand Patent Consultancy","article_publisher":"https:\/\/www.facebook.com\/bgmarkapatent","article_modified_time":"2018-07-18T10:07:00+00:00","twitter_card":"summary_large_image","twitter_site":"@bgmarkapatent","twitter_misc":{"Est. reading time":"1 minute"},"schema":{"@context":"https:\/\/schema.org","@graph":[{"@type":"WebPage","@id":"https:\/\/www.bgmarkapatent.com\/en\/services\/ozel-hizmetler\/marka-izleme\/","url":"https:\/\/www.bgmarkapatent.com\/en\/services\/ozel-hizmetler\/marka-izleme\/","name":"BG Marka Patent Dan\u0131\u015fmanl\u0131k Marka \u0130zleme","isPartOf":{"@id":"https:\/\/www.bgmarkapatent.com\/#website"},"datePublished":"2017-12-17T19:27:28+00:00","dateModified":"2018-07-18T10:07:00+00:00","breadcrumb":{"@id":"https:\/\/www.bgmarkapatent.com\/en\/services\/ozel-hizmetler\/marka-izleme\/#breadcrumb"},"inLanguage":"en-US","potentialAction":[{"@type":"ReadAction","target":["https:\/\/www.bgmarkapatent.com\/en\/services\/ozel-hizmetler\/marka-izleme\/"]}]},{"@type":"BreadcrumbList","@id":"https:\/\/www.bgmarkapatent.com\/en\/services\/ozel-hizmetler\/marka-izleme\/#breadcrumb","itemListElement":[{"@type":"ListItem","position":1,"name":"Ana sayfa","item":"https:\/\/www.bgmarkapatent.com\/"},{"@type":"ListItem","position":2,"name":"Hizmetlerimiz","item":"https:\/\/www.bgmarkapatent.com\/services\/"},{"@type":"ListItem","position":3,"name":"\u00d6zel Hizmetler","item":"https:\/\/www.bgmarkapatent.com\/services\/ozel-hizmetler\/"},{"@type":"ListItem","position":4,"name":"Brand Tracking"}]},{"@type":"WebSite","@id":"https:\/\/www.bgmarkapatent.com\/#website","url":"https:\/\/www.bgmarkapatent.com\/","name":"BG Marka Patent Dan\u0131\u015fmanl\u0131k","description":"Trademark Protection Patent","publisher":{"@id":"https:\/\/www.bgmarkapatent.com\/#organization"},"potentialAction":[{"@type":"SearchAction","target":{"@type":"EntryPoint","urlTemplate":"https:\/\/www.bgmarkapatent.com\/?s={search_term_string}"},"query-input":{"@type":"PropertyValueSpecification","valueRequired":true,"valueName":"search_term_string"}}],"inLanguage":"en-US"},{"@type":"Organization","@id":"https:\/\/www.bgmarkapatent.com\/#organization","name":"BG MARKA PATENT","url":"https:\/\/www.bgmarkapatent.com\/","logo":{"@type":"ImageObject","inLanguage":"en-US","@id":"https:\/\/www.bgmarkapatent.com\/#\/schema\/logo\/image\/","url":"https:\/\/www.bgmarkapatent.com\/wp-content\/uploads\/2017\/12\/BG_Logo_yatay_1080_1-1.png","contentUrl":"https:\/\/www.bgmarkapatent.com\/wp-content\/uploads\/2017\/12\/BG_Logo_yatay_1080_1-1.png","width":142,"height":105,"caption":"BG MARKA PATENT"},"image":{"@id":"https:\/\/www.bgmarkapatent.com\/#\/schema\/logo\/image\/"},"sameAs":["https:\/\/www.facebook.com\/bgmarkapatent","https:\/\/x.com\/bgmarkapatent","https:\/\/www.instagram.com\/bgmarkapatent\/?hl=tr"]}]}},"campaignId":"","_links":{"self":[{"href":"https:\/\/www.bgmarkapatent.com\/en\/wp-json\/wp\/v2\/pages\/2179","targetHints":{"allow":["GET"]}}],"collection":[{"href":"https:\/\/www.bgmarkapatent.com\/en\/wp-json\/wp\/v2\/pages"}],"about":[{"href":"https:\/\/www.bgmarkapatent.com\/en\/wp-json\/wp\/v2\/types\/page"}],"author":[{"embeddable":true,"href":"https:\/\/www.bgmarkapatent.com\/en\/wp-json\/wp\/v2\/users\/1"}],"replies":[{"embeddable":true,"href":"https:\/\/www.bgmarkapatent.com\/en\/wp-json\/wp\/v2\/comments?post=2179"}],"version-history":[{"count":0,"href":"https:\/\/www.bgmarkapatent.com\/en\/wp-json\/wp\/v2\/pages\/2179\/revisions"}],"up":[{"embeddable":true,"href":"https:\/\/www.bgmarkapatent.com\/en\/wp-json\/wp\/v2\/pages\/2149"}],"wp:attachment":[{"href":"https:\/\/www.bgmarkapatent.com\/en\/wp-json\/wp\/v2\/media?parent=2179"}],"curies":[{"name":"wp","href":"https:\/\/api.w.org\/{rel}","templated":true}]}}