{"id":2926,"date":"2020-01-18T20:54:27","date_gmt":"2020-01-18T20:54:27","guid":{"rendered":"https:\/\/www.bgmarkapatent.com\/?page_id=2926"},"modified":"2020-01-18T21:25:54","modified_gmt":"2020-01-18T21:25:54","slug":"kvkk-danismanlik","status":"publish","type":"page","link":"https:\/\/www.bgmarkapatent.com\/en\/kvkk-danismanlik\/","title":{"rendered":"(T\u00fcrk\u00e7e) KVKK Dan\u0131\u015fmanl\u0131k"},"content":{"rendered":"<p><img loading=\"lazy\" decoding=\"async\" width=\"1024\" height=\"788\" src=\"https:\/\/www.bgmarkapatent.com\/wp-content\/uploads\/2019\/12\/robot-delivery-service-automation-logistic-BR3LGQJ-1024x788.jpg\" alt=\"\" srcset=\"https:\/\/www.bgmarkapatent.com\/wp-content\/uploads\/2019\/12\/robot-delivery-service-automation-logistic-BR3LGQJ-1024x788.jpg 1024w, https:\/\/www.bgmarkapatent.com\/wp-content\/uploads\/2019\/12\/robot-delivery-service-automation-logistic-BR3LGQJ-300x231.jpg 300w, https:\/\/www.bgmarkapatent.com\/wp-content\/uploads\/2019\/12\/robot-delivery-service-automation-logistic-BR3LGQJ-768x591.jpg 768w, https:\/\/www.bgmarkapatent.com\/wp-content\/uploads\/2019\/12\/robot-delivery-service-automation-logistic-BR3LGQJ.jpg 1200w\" sizes=\"auto, (max-width: 1024px) 100vw, 1024px\" \/>\t\t\t\t\t\t\t\t\t\t\t<\/p>\n<p>6698 say\u0131l\u0131 Ki\u015fisel Verilerin Korunmas\u0131 Kanunu gere\u011fince kurulu\u015flar\u0131n KVKK uyum sistemini kuruyor ve KVKK kapsam\u0131nda t\u00fcm yasal gereklilere uygun hale gelmenizi sa\u011fl\u0131yoruz.<\/p>\n<p>VERB\u0130S kayd\u0131n\u0131n yap\u0131lmas\u0131 i\u00e7in gerekli altyap\u0131y\u0131 kurarak, VERB\u0130S sisteminize kayd\u0131n\u0131z\u0131 yap\u0131yoruz.<\/p>\n<p>Kurulu\u015funuzun, KVKK mevzuat\u0131n\u0131za tamamen uygun olmas\u0131n\u0131 sa\u011flamak i\u00e7in gerekli t\u00fcm \u00e7al\u0131\u015fmalar ( Hukuksal d\u00fczenlemeler, bilgi i\u015flem faaliyetlerinin uyumla\u015ft\u0131r\u0131lmas\u0131,\u00a0 \u015firket i\u00e7i s\u00fcre\u00e7lerin d\u00fczenlenmesi, \u00e7al\u0131\u015fan bilgilendirilmesi vb) taraf\u0131m\u0131zca ger\u00e7ekle\u015ftirilmektedir.<\/p>\n<p>KVKK dan\u0131\u015fmanl\u0131k hizmetlerimiz ile kurulu\u015funuzda ki\u015fisel verilen korunmas\u0131na y\u00f6nelik t\u00fcm \u015fartlar sa\u011flanmaktad\u0131r.<\/p>\n<h2>Ki\u015fisel veri nedir?<\/h2>\n<p>Kimli\u011fi belirli veya belirlenebilir nitelikteki bir ki\u015fiye ili\u015fkin her t\u00fcrl\u00fc bilgidir.\u00a0\u00a0<\/p>\n<ul>\n<li>Ger\u00e7ek Ki\u015fiye \u0130li\u015fkin Olma<\/li>\n<li>Her T\u00fcrl\u00fc Bilgi<\/li>\n<li>Ki\u015fiyi Belirli Veya Belirlenebilir K\u0131lma<\/li>\n<\/ul>\n<p>https:\/\/www.youtube.com\/watch?time_continue=5&#038;v=l6aDP_0UNgM&#038;feature=emb_title<br \/>\n\t\t\t\t\t\t\t\t\t\t<img loading=\"lazy\" decoding=\"async\" width=\"946\" height=\"1024\" src=\"https:\/\/www.bgmarkapatent.com\/wp-content\/uploads\/2020\/01\/Ekran-Resmi-2020-01-19-00.12.56-946x1024.png\" alt=\"\" srcset=\"https:\/\/www.bgmarkapatent.com\/wp-content\/uploads\/2020\/01\/Ekran-Resmi-2020-01-19-00.12.56-946x1024.png 946w, https:\/\/www.bgmarkapatent.com\/wp-content\/uploads\/2020\/01\/Ekran-Resmi-2020-01-19-00.12.56-277x300.png 277w, https:\/\/www.bgmarkapatent.com\/wp-content\/uploads\/2020\/01\/Ekran-Resmi-2020-01-19-00.12.56-768x831.png 768w, https:\/\/www.bgmarkapatent.com\/wp-content\/uploads\/2020\/01\/Ekran-Resmi-2020-01-19-00.12.56.png 1024w\" sizes=\"auto, (max-width: 946px) 100vw, 946px\" \/>\t\t\t\t\t\t\t\t\t\t\t<\/p>\n<h2>\u00d6zel nitelikli ki\u015fisel veri nedir ?<\/h2>\n<p>\u00d6zel nitelikli ki\u015fisel veriler, \u00f6\u011frenilmesi halinde ilgili ki\u015fi hakk\u0131nda ayr\u0131mc\u0131l\u0131k yap\u0131lmas\u0131na veya ma\u011fduriyete neden olabilecek nitelikteki verilerdir. Bu nedenle di\u011fer ki\u015fisel verilere g\u00f6re \u00e7ok daha s\u0131k\u0131 \u015fekilde korunmalar\u0131 gerekmektedir.<\/p>\n<p>Kanunda hangi ki\u015fisel verilerin \u00f6zel nitelikli ki\u015fisel veri oldu\u011fu tek tek say\u0131lm\u0131\u015ft\u0131r, ba\u015fkaca veriler bu k\u0131s\u0131mda de\u011ferlendirilemez.<\/p>\n<p>\u00d6rne\u011fin ki\u015fisel sa\u011fl\u0131k verisi ki\u015finin fiziksel ve ruhsal sa\u011fl\u0131\u011f\u0131na ili\u015fkin her t\u00fcrl\u00fc veri ile ki\u015fiye sunulan sa\u011fl\u0131k hizmetlerini kapsar. Bu ba\u011flamda; tahlil sonu\u00e7lar\u0131, ge\u00e7irilen hastal\u0131klar, kullan\u0131lan ila\u00e7lar vs. \u00f6zel nitelikli ki\u015fisel veri kapsam\u0131ndad\u0131r.<\/p>\n<p>\u00a0<\/p>\n<ul>\n<li>Sa\u011fl\u0131k verisi,<\/li>\n<li>Cinsel hayata ili\u015fkin\u00a0<b>veriler<\/b>,<\/li>\n<li>Biyometrik ve genetik\u00a0<b>veriler<\/b>,<\/li>\n<li>Dernek, vak\u0131f ya da sendika \u00fcyeli\u011fi bilgisi,<\/li>\n<li>Irk, etnik k\u00f6ken,<\/li>\n<li>Ceza mahk\u00fbmiyeti ve g\u00fcvenlik tedbirleriyle ilgili\u00a0<b>veriler<\/b>.<\/li>\n<li>Siyasi d\u00fc\u015f\u00fcnce, felsefi inan\u00e7, din, mezhep veya di\u011fer inan\u00e7lar,<\/li>\n<li>K\u0131l\u0131k ve k\u0131yafet bilgisi.<\/li>\n<\/ul>\n<p>\u00a0<\/p>\n","protected":false},"excerpt":{"rendered":"<p>6698 say\u0131l\u0131 Ki\u015fisel Verilerin Korunmas\u0131 Kanunu gere\u011fince kurulu\u015flar\u0131n KVKK uyum sistemini kuruyor ve KVKK kapsam\u0131nda t\u00fcm yasal gereklilere uygun hale gelmenizi sa\u011fl\u0131yoruz. VERB\u0130S kayd\u0131n\u0131n yap\u0131lmas\u0131 i\u00e7in gerekli altyap\u0131y\u0131 kurarak, VERB\u0130S sisteminize kayd\u0131n\u0131z\u0131 yap\u0131yoruz. Kurulu\u015funuzun, KVKK mevzuat\u0131n\u0131za tamamen uygun olmas\u0131n\u0131 sa\u011flamak i\u00e7in gerekli t\u00fcm \u00e7al\u0131\u015fmalar ( Hukuksal d\u00fczenlemeler, bilgi i\u015flem faaliyetlerinin uyumla\u015ft\u0131r\u0131lmas\u0131,\u00a0 \u015firket i\u00e7i s\u00fcre\u00e7lerin d\u00fczenlenmesi,&hellip;<\/p>\n","protected":false},"author":1,"featured_media":0,"parent":0,"menu_order":0,"comment_status":"closed","ping_status":"closed","template":"","meta":{"give_campaign_id":0,"footnotes":""},"class_list":["post-2926","page","type-page","status-publish","hentry","description-off"],"yoast_head":"<!-- This site is optimized with the Yoast SEO plugin v27.3 - https:\/\/yoast.com\/product\/yoast-seo-wordpress\/ -->\n<title>(T\u00fcrk\u00e7e) KVKK Dan\u0131\u015fmanl\u0131k | BG Brand Patent Consultancy<\/title>\n<meta name=\"description\" content=\"(T\u00fcrk\u00e7e) 6698 say\u0131l\u0131 Ki\u015fisel Verilerin Korunmas\u0131 Kanunu gere\u011fince kurulu\u015flar\u0131n KVKK uyum sistemini kuruyor ve KVKK kapsam\u0131nda t\u00fcm yasal gereklilere uygun hale gelmenizi sa\u011fl\u0131yoruz.\" \/>\n<meta name=\"robots\" content=\"index, follow, max-snippet:-1, max-image-preview:large, max-video-preview:-1\" \/>\n<link rel=\"canonical\" href=\"https:\/\/www.bgmarkapatent.com\/en\/kvkk-danismanlik\/\" \/>\n<meta property=\"og:locale\" content=\"en_US\" \/>\n<meta property=\"og:type\" content=\"article\" \/>\n<meta property=\"og:title\" content=\"(T\u00fcrk\u00e7e) KVKK Dan\u0131\u015fmanl\u0131k | BG Brand Patent Consultancy\" \/>\n<meta property=\"og:description\" content=\"(T\u00fcrk\u00e7e) 6698 say\u0131l\u0131 Ki\u015fisel Verilerin Korunmas\u0131 Kanunu gere\u011fince kurulu\u015flar\u0131n KVKK uyum sistemini kuruyor ve KVKK kapsam\u0131nda t\u00fcm yasal gereklilere uygun hale gelmenizi sa\u011fl\u0131yoruz.\" \/>\n<meta property=\"og:url\" content=\"https:\/\/www.bgmarkapatent.com\/en\/kvkk-danismanlik\/\" \/>\n<meta property=\"og:site_name\" content=\"BG Brand Patent Consultancy\" \/>\n<meta property=\"article:publisher\" content=\"https:\/\/www.facebook.com\/bgmarkapatent\" \/>\n<meta property=\"article:modified_time\" content=\"2020-01-18T21:25:54+00:00\" \/>\n<meta property=\"og:image\" content=\"https:\/\/www.bgmarkapatent.com\/wp-content\/uploads\/2019\/12\/robot-delivery-service-automation-logistic-BR3LGQJ-1024x788.jpg\" \/>\n<meta name=\"twitter:card\" content=\"summary_large_image\" \/>\n<meta name=\"twitter:site\" content=\"@bgmarkapatent\" \/>\n<meta name=\"twitter:label1\" content=\"Est. reading time\" \/>\n\t<meta name=\"twitter:data1\" content=\"2 minutes\" \/>\n<script type=\"application\/ld+json\" class=\"yoast-schema-graph\">{\"@context\":\"https:\\\/\\\/schema.org\",\"@graph\":[{\"@type\":\"WebPage\",\"@id\":\"https:\\\/\\\/www.bgmarkapatent.com\\\/en\\\/kvkk-danismanlik\\\/\",\"url\":\"https:\\\/\\\/www.bgmarkapatent.com\\\/en\\\/kvkk-danismanlik\\\/\",\"name\":\"(T\u00fcrk\u00e7e) KVKK Dan\u0131\u015fmanl\u0131k | BG Brand Patent Consultancy\",\"isPartOf\":{\"@id\":\"https:\\\/\\\/www.bgmarkapatent.com\\\/#website\"},\"primaryImageOfPage\":{\"@id\":\"https:\\\/\\\/www.bgmarkapatent.com\\\/en\\\/kvkk-danismanlik\\\/#primaryimage\"},\"image\":{\"@id\":\"https:\\\/\\\/www.bgmarkapatent.com\\\/en\\\/kvkk-danismanlik\\\/#primaryimage\"},\"thumbnailUrl\":\"https:\\\/\\\/www.bgmarkapatent.com\\\/wp-content\\\/uploads\\\/2019\\\/12\\\/robot-delivery-service-automation-logistic-BR3LGQJ-1024x788.jpg\",\"datePublished\":\"2020-01-18T20:54:27+00:00\",\"dateModified\":\"2020-01-18T21:25:54+00:00\",\"description\":\"(T\u00fcrk\u00e7e) 6698 say\u0131l\u0131 Ki\u015fisel Verilerin Korunmas\u0131 Kanunu gere\u011fince kurulu\u015flar\u0131n KVKK uyum sistemini kuruyor ve KVKK kapsam\u0131nda t\u00fcm yasal gereklilere uygun hale gelmenizi sa\u011fl\u0131yoruz.\",\"breadcrumb\":{\"@id\":\"https:\\\/\\\/www.bgmarkapatent.com\\\/en\\\/kvkk-danismanlik\\\/#breadcrumb\"},\"inLanguage\":\"en-US\",\"potentialAction\":[{\"@type\":\"ReadAction\",\"target\":[\"https:\\\/\\\/www.bgmarkapatent.com\\\/en\\\/kvkk-danismanlik\\\/\"]}]},{\"@type\":\"ImageObject\",\"inLanguage\":\"en-US\",\"@id\":\"https:\\\/\\\/www.bgmarkapatent.com\\\/en\\\/kvkk-danismanlik\\\/#primaryimage\",\"url\":\"https:\\\/\\\/www.bgmarkapatent.com\\\/wp-content\\\/uploads\\\/2019\\\/12\\\/robot-delivery-service-automation-logistic-BR3LGQJ-1024x788.jpg\",\"contentUrl\":\"https:\\\/\\\/www.bgmarkapatent.com\\\/wp-content\\\/uploads\\\/2019\\\/12\\\/robot-delivery-service-automation-logistic-BR3LGQJ-1024x788.jpg\"},{\"@type\":\"BreadcrumbList\",\"@id\":\"https:\\\/\\\/www.bgmarkapatent.com\\\/en\\\/kvkk-danismanlik\\\/#breadcrumb\",\"itemListElement\":[{\"@type\":\"ListItem\",\"position\":1,\"name\":\"Ana sayfa\",\"item\":\"https:\\\/\\\/www.bgmarkapatent.com\\\/\"},{\"@type\":\"ListItem\",\"position\":2,\"name\":\"(T\u00fcrk\u00e7e) KVKK Dan\u0131\u015fmanl\u0131k\"}]},{\"@type\":\"WebSite\",\"@id\":\"https:\\\/\\\/www.bgmarkapatent.com\\\/#website\",\"url\":\"https:\\\/\\\/www.bgmarkapatent.com\\\/\",\"name\":\"BG Marka Patent Dan\u0131\u015fmanl\u0131k\",\"description\":\"Trademark Protection Patent\",\"publisher\":{\"@id\":\"https:\\\/\\\/www.bgmarkapatent.com\\\/#organization\"},\"potentialAction\":[{\"@type\":\"SearchAction\",\"target\":{\"@type\":\"EntryPoint\",\"urlTemplate\":\"https:\\\/\\\/www.bgmarkapatent.com\\\/?s={search_term_string}\"},\"query-input\":{\"@type\":\"PropertyValueSpecification\",\"valueRequired\":true,\"valueName\":\"search_term_string\"}}],\"inLanguage\":\"en-US\"},{\"@type\":\"Organization\",\"@id\":\"https:\\\/\\\/www.bgmarkapatent.com\\\/#organization\",\"name\":\"BG MARKA PATENT\",\"url\":\"https:\\\/\\\/www.bgmarkapatent.com\\\/\",\"logo\":{\"@type\":\"ImageObject\",\"inLanguage\":\"en-US\",\"@id\":\"https:\\\/\\\/www.bgmarkapatent.com\\\/#\\\/schema\\\/logo\\\/image\\\/\",\"url\":\"https:\\\/\\\/www.bgmarkapatent.com\\\/wp-content\\\/uploads\\\/2017\\\/12\\\/BG_Logo_yatay_1080_1-1.png\",\"contentUrl\":\"https:\\\/\\\/www.bgmarkapatent.com\\\/wp-content\\\/uploads\\\/2017\\\/12\\\/BG_Logo_yatay_1080_1-1.png\",\"width\":142,\"height\":105,\"caption\":\"BG MARKA PATENT\"},\"image\":{\"@id\":\"https:\\\/\\\/www.bgmarkapatent.com\\\/#\\\/schema\\\/logo\\\/image\\\/\"},\"sameAs\":[\"https:\\\/\\\/www.facebook.com\\\/bgmarkapatent\",\"https:\\\/\\\/x.com\\\/bgmarkapatent\",\"https:\\\/\\\/www.instagram.com\\\/bgmarkapatent\\\/?hl=tr\"]}]}<\/script>\n<!-- \/ Yoast SEO plugin. -->","yoast_head_json":{"title":"(T\u00fcrk\u00e7e) KVKK Dan\u0131\u015fmanl\u0131k | BG Brand Patent Consultancy","description":"(T\u00fcrk\u00e7e) 6698 say\u0131l\u0131 Ki\u015fisel Verilerin Korunmas\u0131 Kanunu gere\u011fince kurulu\u015flar\u0131n KVKK uyum sistemini kuruyor ve KVKK kapsam\u0131nda t\u00fcm yasal gereklilere uygun hale gelmenizi sa\u011fl\u0131yoruz.","robots":{"index":"index","follow":"follow","max-snippet":"max-snippet:-1","max-image-preview":"max-image-preview:large","max-video-preview":"max-video-preview:-1"},"canonical":"https:\/\/www.bgmarkapatent.com\/en\/kvkk-danismanlik\/","og_locale":"en_US","og_type":"article","og_title":"(T\u00fcrk\u00e7e) KVKK Dan\u0131\u015fmanl\u0131k | BG Brand Patent Consultancy","og_description":"(T\u00fcrk\u00e7e) 6698 say\u0131l\u0131 Ki\u015fisel Verilerin Korunmas\u0131 Kanunu gere\u011fince kurulu\u015flar\u0131n KVKK uyum sistemini kuruyor ve KVKK kapsam\u0131nda t\u00fcm yasal gereklilere uygun hale gelmenizi sa\u011fl\u0131yoruz.","og_url":"https:\/\/www.bgmarkapatent.com\/en\/kvkk-danismanlik\/","og_site_name":"BG Brand Patent Consultancy","article_publisher":"https:\/\/www.facebook.com\/bgmarkapatent","article_modified_time":"2020-01-18T21:25:54+00:00","og_image":[{"url":"https:\/\/www.bgmarkapatent.com\/wp-content\/uploads\/2019\/12\/robot-delivery-service-automation-logistic-BR3LGQJ-1024x788.jpg","type":"","width":"","height":""}],"twitter_card":"summary_large_image","twitter_site":"@bgmarkapatent","twitter_misc":{"Est. reading time":"2 minutes"},"schema":{"@context":"https:\/\/schema.org","@graph":[{"@type":"WebPage","@id":"https:\/\/www.bgmarkapatent.com\/en\/kvkk-danismanlik\/","url":"https:\/\/www.bgmarkapatent.com\/en\/kvkk-danismanlik\/","name":"(T\u00fcrk\u00e7e) KVKK Dan\u0131\u015fmanl\u0131k | BG Brand Patent Consultancy","isPartOf":{"@id":"https:\/\/www.bgmarkapatent.com\/#website"},"primaryImageOfPage":{"@id":"https:\/\/www.bgmarkapatent.com\/en\/kvkk-danismanlik\/#primaryimage"},"image":{"@id":"https:\/\/www.bgmarkapatent.com\/en\/kvkk-danismanlik\/#primaryimage"},"thumbnailUrl":"https:\/\/www.bgmarkapatent.com\/wp-content\/uploads\/2019\/12\/robot-delivery-service-automation-logistic-BR3LGQJ-1024x788.jpg","datePublished":"2020-01-18T20:54:27+00:00","dateModified":"2020-01-18T21:25:54+00:00","description":"(T\u00fcrk\u00e7e) 6698 say\u0131l\u0131 Ki\u015fisel Verilerin Korunmas\u0131 Kanunu gere\u011fince kurulu\u015flar\u0131n KVKK uyum sistemini kuruyor ve KVKK kapsam\u0131nda t\u00fcm yasal gereklilere uygun hale gelmenizi sa\u011fl\u0131yoruz.","breadcrumb":{"@id":"https:\/\/www.bgmarkapatent.com\/en\/kvkk-danismanlik\/#breadcrumb"},"inLanguage":"en-US","potentialAction":[{"@type":"ReadAction","target":["https:\/\/www.bgmarkapatent.com\/en\/kvkk-danismanlik\/"]}]},{"@type":"ImageObject","inLanguage":"en-US","@id":"https:\/\/www.bgmarkapatent.com\/en\/kvkk-danismanlik\/#primaryimage","url":"https:\/\/www.bgmarkapatent.com\/wp-content\/uploads\/2019\/12\/robot-delivery-service-automation-logistic-BR3LGQJ-1024x788.jpg","contentUrl":"https:\/\/www.bgmarkapatent.com\/wp-content\/uploads\/2019\/12\/robot-delivery-service-automation-logistic-BR3LGQJ-1024x788.jpg"},{"@type":"BreadcrumbList","@id":"https:\/\/www.bgmarkapatent.com\/en\/kvkk-danismanlik\/#breadcrumb","itemListElement":[{"@type":"ListItem","position":1,"name":"Ana sayfa","item":"https:\/\/www.bgmarkapatent.com\/"},{"@type":"ListItem","position":2,"name":"(T\u00fcrk\u00e7e) KVKK Dan\u0131\u015fmanl\u0131k"}]},{"@type":"WebSite","@id":"https:\/\/www.bgmarkapatent.com\/#website","url":"https:\/\/www.bgmarkapatent.com\/","name":"BG Marka Patent Dan\u0131\u015fmanl\u0131k","description":"Trademark Protection Patent","publisher":{"@id":"https:\/\/www.bgmarkapatent.com\/#organization"},"potentialAction":[{"@type":"SearchAction","target":{"@type":"EntryPoint","urlTemplate":"https:\/\/www.bgmarkapatent.com\/?s={search_term_string}"},"query-input":{"@type":"PropertyValueSpecification","valueRequired":true,"valueName":"search_term_string"}}],"inLanguage":"en-US"},{"@type":"Organization","@id":"https:\/\/www.bgmarkapatent.com\/#organization","name":"BG MARKA PATENT","url":"https:\/\/www.bgmarkapatent.com\/","logo":{"@type":"ImageObject","inLanguage":"en-US","@id":"https:\/\/www.bgmarkapatent.com\/#\/schema\/logo\/image\/","url":"https:\/\/www.bgmarkapatent.com\/wp-content\/uploads\/2017\/12\/BG_Logo_yatay_1080_1-1.png","contentUrl":"https:\/\/www.bgmarkapatent.com\/wp-content\/uploads\/2017\/12\/BG_Logo_yatay_1080_1-1.png","width":142,"height":105,"caption":"BG MARKA PATENT"},"image":{"@id":"https:\/\/www.bgmarkapatent.com\/#\/schema\/logo\/image\/"},"sameAs":["https:\/\/www.facebook.com\/bgmarkapatent","https:\/\/x.com\/bgmarkapatent","https:\/\/www.instagram.com\/bgmarkapatent\/?hl=tr"]}]}},"campaignId":"","_links":{"self":[{"href":"https:\/\/www.bgmarkapatent.com\/en\/wp-json\/wp\/v2\/pages\/2926","targetHints":{"allow":["GET"]}}],"collection":[{"href":"https:\/\/www.bgmarkapatent.com\/en\/wp-json\/wp\/v2\/pages"}],"about":[{"href":"https:\/\/www.bgmarkapatent.com\/en\/wp-json\/wp\/v2\/types\/page"}],"author":[{"embeddable":true,"href":"https:\/\/www.bgmarkapatent.com\/en\/wp-json\/wp\/v2\/users\/1"}],"replies":[{"embeddable":true,"href":"https:\/\/www.bgmarkapatent.com\/en\/wp-json\/wp\/v2\/comments?post=2926"}],"version-history":[{"count":9,"href":"https:\/\/www.bgmarkapatent.com\/en\/wp-json\/wp\/v2\/pages\/2926\/revisions"}],"predecessor-version":[{"id":3000,"href":"https:\/\/www.bgmarkapatent.com\/en\/wp-json\/wp\/v2\/pages\/2926\/revisions\/3000"}],"wp:attachment":[{"href":"https:\/\/www.bgmarkapatent.com\/en\/wp-json\/wp\/v2\/media?parent=2926"}],"curies":[{"name":"wp","href":"https:\/\/api.w.org\/{rel}","templated":true}]}}