{"id":49,"date":"2016-02-07T10:03:22","date_gmt":"2016-02-07T10:03:22","guid":{"rendered":"http:\/\/the7.io\/marketing-agency\/?page_id=49"},"modified":"2018-07-18T10:42:13","modified_gmt":"2018-07-18T10:42:13","slug":"s-s-s","status":"publish","type":"page","link":"https:\/\/www.bgmarkapatent.com\/en\/s-s-s\/","title":{"rendered":"S.S.S"},"content":{"rendered":"<div class=\"wpb-content-wrapper\"><p>[vc_row type=&#8221;vc_default&#8221; margin_top=&#8221;0&#8243; margin_bottom=&#8221;-50&#8243; css=&#8221;.vc_custom_1491744093958{padding-top: 70px !important;padding-bottom: 20px !important;}&#8221;][vc_column offset=&#8221;vc_col-lg-6 vc_col-md-6 vc_col-xs-12&#8243; css=&#8221;.vc_custom_1519087876281{padding-bottom: 50px !important;}&#8221;]<div id=\"ultimate-heading-64669f81fb9efbda\" class=\"uvc-heading ult-adjust-bottom-margin ultimate-heading-64669f81fb9efbda uvc-9268 \" data-hspacer=\"no_spacer\"  data-halign=\"left\" style=\"text-align:left\"><div class=\"uvc-heading-spacer no_spacer\" style=\"top\"><\/div><div class=\"uvc-main-heading ult-responsive\"  data-ultimate-target='.uvc-heading.ultimate-heading-64669f81fb9efbda h2'  data-responsive-json-new='{\"font-size\":\"desktop:34px;\",\"line-height\":\"desktop:44px;\"}' ><h2 style=\"font-weight:bold;margin-bottom:25px;\">Frequently asked Questions<\/h2><\/div><\/div>[vc_accordion active_tab=&#8221;false&#8221; collapsible=&#8221;yes&#8221; style=&#8221;3&#8243;][vc_accordion_tab title=&#8221;What is a trademark registration? What does a trademark registration do? Why is a trademark registration required?&#8221;][vc_column_text]The brand is one of the most important non-material rights besides immovable assets that an operator possesses. It is the sign with the power of representation that expresses all the values of the operator. This mark must be legally protected and must be certified and certified.[\/vc_column_text][\/vc_accordion_tab][vc_accordion_tab title=&#8221;What can I register?&#8221;][vc_column_text]You may register your trademarks which meet the criteria of the Turkish Patent Institute and have other qualifying characteristics. The trademarks are registered or rejected after your trademark applications are examined. This will prevent your companies in the market from being damaged. The rights of your companies are protected. Unfair competition is prevented.[\/vc_column_text][\/vc_accordion_tab][vc_accordion_tab title=&#8221;What are the documents required for a trademark registration application?&#8221;][vc_column_text]If the Brand is an Applicant Legal Entity (company, institution etc.)<\/p>\n<p>Operating certificate<br \/>\nTax stamp<br \/>\nIf there is a power of attorney<br \/>\nTrademark example (logo, sign etc.)<br \/>\nIf the trademark applicant is a real person:<\/p>\n<p>T. C. identification number<br \/>\nIf there is a Power of Attorney<br \/>\nBrand example[\/vc_column_text][\/vc_accordion_tab][vc_accordion_tab title=&#8221;What is the price of trademark registration?&#8221;][vc_column_text]Trademark registration costs vary depending on the scope of goods and services requested. You can forward your information about brand operations and receive online quotes.[\/vc_column_text][\/vc_accordion_tab][vc_accordion_tab title=&#8221;Will I pay a fee each year after I have registered my mark?&#8221;][vc_column_text]The protection period of the registered mark is 10 years from the date of registration. You do not pay a fee for each year. In the tenth year of the trademark registration, the marking has to be renewed and a renewal fee is paid. Renewal can be made every ten years with a renewal fee. The fees are renewed every year by the Turkish Patent Institute.[\/vc_column_text][\/vc_accordion_tab][vc_accordion_tab title=&#8221;What should I pay attention to when creating a brand?&#8221;][vc_column_text]1) Before the brand selection, the Turkish Patent Institute should conduct a research by means of a trademark representative. So you can find out whether your brand name you want to create is in use or not.<\/p>\n<p>2) If the export is being done or is to be done, the same method should be followed in the related country (s) and the patent office of the relevant country should be investigated and the trademark should be registered before entering the market.<\/p>\n<p>3) The words indicating the names and qualifications of the products and services can not be selected and selected as brands. (Grocer, butcher, etc.)<\/p>\n<p>4) Marks that will cause confusion with someone else&#8217;s trademark should not be chosen as trademarks.<\/p>\n<p>5) Name or surname must not be selected as brand. Because, after you promote your brand by making large investments, there is a danger that the competitor who has the same first name or surname can benefit from your brand&#8217;s reputation, citing the use of his or her first name or surname. When going to court, it is not possible to predict which way the court will decide in such a case. In other words, our country did not sit in this court practice.<\/p>\n<p>6) You should choose to have a unique logosphere to strengthen your discrimination power. So you can claim that your brand is different if you enter into a legal process with another brand.<\/p>\n<p>7) You must also register your trademark, even if you are registered with your business title and \/ or business name. The trade name introduces the merchant. In other words, the trade name introduces the firm. If it is a business name, it introduces the business. However, the brand introduces products and services. In sum, the three concepts mentioned are different from each other and their legal consequences are not the same.<\/p>\n<p>8) Do not forget to get the same domain name as your mark. Otherwise you will be faced with the rape of malevolent people and thus have to spend money, labor and time in such dispute settlement centers in court or internationally.[\/vc_column_text][\/vc_accordion_tab][vc_accordion_tab title=&#8221;What is the scope of protection of my registered trademark?&#8221;][vc_column_text]Trademarks are valid only in the countries where they are registered. Naturally, a trademark registered in Turkey received your protection is valid only in Turkey, including customs borders. In other countries, it is necessary to apply to the relevant countries for registration.[\/vc_column_text][\/vc_accordion_tab][vc_accordion_tab title=&#8221;What are the legal sanctions for trademark registration?&#8221;][vc_column_text]Legal sanctions may be imposed if there are similar counterfeit products that are registered in the sector. These legal sanctions are explained as follows: very serious legal sanctions such as seizure of products and seizure, closure of workplace, imprisonment of workplace owner.[\/vc_column_text][\/vc_accordion_tab][vc_accordion_tab][\/vc_accordion_tab][\/vc_accordion][\/vc_column][vc_column offset=&#8221;vc_col-lg-6 vc_col-md-6 vc_col-xs-12&#8243; css=&#8221;.vc_custom_1491744105105{padding-bottom: 50px !important;}&#8221;]<div id=\"ultimate-heading-836869f81fb9efc59\" class=\"uvc-heading ult-adjust-bottom-margin ultimate-heading-836869f81fb9efc59 uvc-8633 \" data-hspacer=\"no_spacer\"  data-halign=\"left\" style=\"text-align:left\"><div class=\"uvc-heading-spacer no_spacer\" style=\"top\"><\/div><div class=\"uvc-main-heading ult-responsive\"  data-ultimate-target='.uvc-heading.ultimate-heading-836869f81fb9efc59 h2'  data-responsive-json-new='{\"font-size\":\"desktop:34px;\",\"line-height\":\"desktop:44px;\"}' ><h2 style=\"font-weight:bold;margin-bottom:25px;\">Did not you find the answer?<\/h2><\/div><\/div>[vc_column_text css=&#8221;.vc_custom_1531910515829{padding-bottom: 35px !important;}&#8221;]BG Brand As a patent you can send your inquiries by filling in the form below.[\/vc_column_text]<form class=\"dt-contact-form dt-form\" method=\"post\"><input type=\"hidden\" name=\"widget_id\" value=\"presscore-contact-form-widget--1\" \/><input type=\"hidden\" name=\"send_message\" value=\"\" \/><input type=\"hidden\" name=\"security_token\" value=\"36cf9442400c328bbfb4\"\/><div class=\"form-fields\"><span class=\"form-name\"><label class=\"assistive-text\">Name *<\/label><input type=\"text\" class=\"validate[required]\" placeholder=\"Name *\" name=\"name\" value=\"\" aria-required=\"true\">\n<\/span><span class=\"form-mail\"><label class=\"assistive-text\">E-mail *<\/label><input type=\"text\" class=\"validate[required,custom[email]]\" placeholder=\"E-mail *\" name=\"email\" value=\"\" aria-required=\"true\">\n<\/span><span class=\"form-telephone\"><label class=\"assistive-text\">Telephone *<\/label><input type=\"text\" class=\"validate[required,custom[phone]]\" placeholder=\"Telephone *\" name=\"telephone\" value=\"\" aria-required=\"true\">\n<\/span><\/div><span class=\"form-message\"><label class=\"assistive-text\">Message *<\/label><textarea class=\"validate[required]\" placeholder=\"Message *\" name=\"message\" rows=\"5\" aria-required=\"true\"><\/textarea>\n<\/span><p><a href=\"#\" class=\"dt-btn dt-btn-m dt-btn-submit\" rel=\"nofollow\"><span>G\u00f6nder<\/span><\/a><input class=\"assistive-text\" type=\"submit\" value=\"submit\"><\/p><\/form>\n[\/vc_column][\/vc_row]<\/p>\n<\/div>","protected":false},"excerpt":{"rendered":"<p>[vc_row type=&#8221;vc_default&#8221; margin_top=&#8221;0&#8243; margin_bottom=&#8221;-50&#8243; css=&#8221;.vc_custom_1491744093958{padding-top: 70px !important;padding-bottom: 20px !important;}&#8221;][vc_column offset=&#8221;vc_col-lg-6 vc_col-md-6 vc_col-xs-12&#8243; css=&#8221;.vc_custom_1519087876281{padding-bottom: 50px !important;}&#8221;][vc_accordion active_tab=&#8221;false&#8221; collapsible=&#8221;yes&#8221; style=&#8221;3&#8243;][vc_accordion_tab title=&#8221;What is a trademark registration? What does a trademark registration do? Why is a trademark registration required?&#8221;][vc_column_text]The brand is one of the most important non-material rights besides immovable assets that an operator possesses. It is the sign&hellip;<\/p>\n","protected":false},"author":1,"featured_media":0,"parent":0,"menu_order":30,"comment_status":"closed","ping_status":"closed","template":"","meta":{"give_campaign_id":0,"footnotes":""},"class_list":["post-49","page","type-page","status-publish","hentry","description-off"],"yoast_head":"<!-- This site is optimized with the Yoast SEO plugin v27.5 - https:\/\/yoast.com\/product\/yoast-seo-wordpress\/ -->\n<title>BG Marka Patent Dan\u0131\u015fmanl\u0131k S.S.S<\/title>\n<meta name=\"robots\" content=\"index, follow, max-snippet:-1, max-image-preview:large, max-video-preview:-1\" \/>\n<link rel=\"canonical\" href=\"https:\/\/www.bgmarkapatent.com\/en\/s-s-s\/\" \/>\n<meta property=\"og:locale\" content=\"en_US\" \/>\n<meta property=\"og:type\" content=\"article\" \/>\n<meta property=\"og:title\" content=\"BG Marka Patent Dan\u0131\u015fmanl\u0131k S.S.S\" \/>\n<meta property=\"og:description\" content=\"[vc_row type=&#8221;vc_default&#8221; margin_top=&#8221;0&#8243; margin_bottom=&#8221;-50&#8243; css=&#8221;.vc_custom_1491744093958{padding-top: 70px !important;padding-bottom: 20px !important;}&#8221;][vc_column offset=&#8221;vc_col-lg-6 vc_col-md-6 vc_col-xs-12&#8243; css=&#8221;.vc_custom_1519087876281{padding-bottom: 50px !important;}&#8221;][vc_accordion active_tab=&#8221;false&#8221; collapsible=&#8221;yes&#8221; style=&#8221;3&#8243;][vc_accordion_tab title=&#8221;What is a trademark registration? What does a trademark registration do? Why is a trademark registration required?&#8221;][vc_column_text]The brand is one of the most important non-material rights besides immovable assets that an operator possesses. It is the sign&hellip;\" \/>\n<meta property=\"og:url\" content=\"https:\/\/www.bgmarkapatent.com\/en\/s-s-s\/\" \/>\n<meta property=\"og:site_name\" content=\"BG Brand Patent Consultancy\" \/>\n<meta property=\"article:publisher\" content=\"https:\/\/www.facebook.com\/bgmarkapatent\" \/>\n<meta property=\"article:modified_time\" content=\"2018-07-18T10:42:13+00:00\" \/>\n<meta name=\"twitter:card\" content=\"summary_large_image\" \/>\n<meta name=\"twitter:site\" content=\"@bgmarkapatent\" \/>\n<meta name=\"twitter:label1\" content=\"Est. reading time\" \/>\n\t<meta name=\"twitter:data1\" content=\"5 minutes\" \/>\n<script type=\"application\/ld+json\" class=\"yoast-schema-graph\">{\"@context\":\"https:\\\/\\\/schema.org\",\"@graph\":[{\"@type\":\"WebPage\",\"@id\":\"https:\\\/\\\/www.bgmarkapatent.com\\\/en\\\/s-s-s\\\/\",\"url\":\"https:\\\/\\\/www.bgmarkapatent.com\\\/en\\\/s-s-s\\\/\",\"name\":\"BG Marka Patent Dan\u0131\u015fmanl\u0131k S.S.S\",\"isPartOf\":{\"@id\":\"https:\\\/\\\/www.bgmarkapatent.com\\\/#website\"},\"datePublished\":\"2016-02-07T10:03:22+00:00\",\"dateModified\":\"2018-07-18T10:42:13+00:00\",\"breadcrumb\":{\"@id\":\"https:\\\/\\\/www.bgmarkapatent.com\\\/en\\\/s-s-s\\\/#breadcrumb\"},\"inLanguage\":\"en-US\",\"potentialAction\":[{\"@type\":\"ReadAction\",\"target\":[\"https:\\\/\\\/www.bgmarkapatent.com\\\/en\\\/s-s-s\\\/\"]}]},{\"@type\":\"BreadcrumbList\",\"@id\":\"https:\\\/\\\/www.bgmarkapatent.com\\\/en\\\/s-s-s\\\/#breadcrumb\",\"itemListElement\":[{\"@type\":\"ListItem\",\"position\":1,\"name\":\"Ana sayfa\",\"item\":\"https:\\\/\\\/www.bgmarkapatent.com\\\/\"},{\"@type\":\"ListItem\",\"position\":2,\"name\":\"S.S.S\"}]},{\"@type\":\"WebSite\",\"@id\":\"https:\\\/\\\/www.bgmarkapatent.com\\\/#website\",\"url\":\"https:\\\/\\\/www.bgmarkapatent.com\\\/\",\"name\":\"BG Marka Patent Dan\u0131\u015fmanl\u0131k\",\"description\":\"Trademark Protection Patent\",\"publisher\":{\"@id\":\"https:\\\/\\\/www.bgmarkapatent.com\\\/#organization\"},\"potentialAction\":[{\"@type\":\"SearchAction\",\"target\":{\"@type\":\"EntryPoint\",\"urlTemplate\":\"https:\\\/\\\/www.bgmarkapatent.com\\\/?s={search_term_string}\"},\"query-input\":{\"@type\":\"PropertyValueSpecification\",\"valueRequired\":true,\"valueName\":\"search_term_string\"}}],\"inLanguage\":\"en-US\"},{\"@type\":\"Organization\",\"@id\":\"https:\\\/\\\/www.bgmarkapatent.com\\\/#organization\",\"name\":\"BG MARKA PATENT\",\"url\":\"https:\\\/\\\/www.bgmarkapatent.com\\\/\",\"logo\":{\"@type\":\"ImageObject\",\"inLanguage\":\"en-US\",\"@id\":\"https:\\\/\\\/www.bgmarkapatent.com\\\/#\\\/schema\\\/logo\\\/image\\\/\",\"url\":\"https:\\\/\\\/www.bgmarkapatent.com\\\/wp-content\\\/uploads\\\/2017\\\/12\\\/BG_Logo_yatay_1080_1-1.png\",\"contentUrl\":\"https:\\\/\\\/www.bgmarkapatent.com\\\/wp-content\\\/uploads\\\/2017\\\/12\\\/BG_Logo_yatay_1080_1-1.png\",\"width\":142,\"height\":105,\"caption\":\"BG MARKA PATENT\"},\"image\":{\"@id\":\"https:\\\/\\\/www.bgmarkapatent.com\\\/#\\\/schema\\\/logo\\\/image\\\/\"},\"sameAs\":[\"https:\\\/\\\/www.facebook.com\\\/bgmarkapatent\",\"https:\\\/\\\/x.com\\\/bgmarkapatent\",\"https:\\\/\\\/www.instagram.com\\\/bgmarkapatent\\\/?hl=tr\"]}]}<\/script>\n<!-- \/ Yoast SEO plugin. -->","yoast_head_json":{"title":"BG Marka Patent Dan\u0131\u015fmanl\u0131k S.S.S","robots":{"index":"index","follow":"follow","max-snippet":"max-snippet:-1","max-image-preview":"max-image-preview:large","max-video-preview":"max-video-preview:-1"},"canonical":"https:\/\/www.bgmarkapatent.com\/en\/s-s-s\/","og_locale":"en_US","og_type":"article","og_title":"BG Marka Patent Dan\u0131\u015fmanl\u0131k S.S.S","og_description":"[vc_row type=&#8221;vc_default&#8221; margin_top=&#8221;0&#8243; margin_bottom=&#8221;-50&#8243; css=&#8221;.vc_custom_1491744093958{padding-top: 70px !important;padding-bottom: 20px !important;}&#8221;][vc_column offset=&#8221;vc_col-lg-6 vc_col-md-6 vc_col-xs-12&#8243; css=&#8221;.vc_custom_1519087876281{padding-bottom: 50px !important;}&#8221;][vc_accordion active_tab=&#8221;false&#8221; collapsible=&#8221;yes&#8221; style=&#8221;3&#8243;][vc_accordion_tab title=&#8221;What is a trademark registration? What does a trademark registration do? Why is a trademark registration required?&#8221;][vc_column_text]The brand is one of the most important non-material rights besides immovable assets that an operator possesses. It is the sign&hellip;","og_url":"https:\/\/www.bgmarkapatent.com\/en\/s-s-s\/","og_site_name":"BG Brand Patent Consultancy","article_publisher":"https:\/\/www.facebook.com\/bgmarkapatent","article_modified_time":"2018-07-18T10:42:13+00:00","twitter_card":"summary_large_image","twitter_site":"@bgmarkapatent","twitter_misc":{"Est. reading time":"5 minutes"},"schema":{"@context":"https:\/\/schema.org","@graph":[{"@type":"WebPage","@id":"https:\/\/www.bgmarkapatent.com\/en\/s-s-s\/","url":"https:\/\/www.bgmarkapatent.com\/en\/s-s-s\/","name":"BG Marka Patent Dan\u0131\u015fmanl\u0131k S.S.S","isPartOf":{"@id":"https:\/\/www.bgmarkapatent.com\/#website"},"datePublished":"2016-02-07T10:03:22+00:00","dateModified":"2018-07-18T10:42:13+00:00","breadcrumb":{"@id":"https:\/\/www.bgmarkapatent.com\/en\/s-s-s\/#breadcrumb"},"inLanguage":"en-US","potentialAction":[{"@type":"ReadAction","target":["https:\/\/www.bgmarkapatent.com\/en\/s-s-s\/"]}]},{"@type":"BreadcrumbList","@id":"https:\/\/www.bgmarkapatent.com\/en\/s-s-s\/#breadcrumb","itemListElement":[{"@type":"ListItem","position":1,"name":"Ana sayfa","item":"https:\/\/www.bgmarkapatent.com\/"},{"@type":"ListItem","position":2,"name":"S.S.S"}]},{"@type":"WebSite","@id":"https:\/\/www.bgmarkapatent.com\/#website","url":"https:\/\/www.bgmarkapatent.com\/","name":"BG Marka Patent Dan\u0131\u015fmanl\u0131k","description":"Trademark Protection Patent","publisher":{"@id":"https:\/\/www.bgmarkapatent.com\/#organization"},"potentialAction":[{"@type":"SearchAction","target":{"@type":"EntryPoint","urlTemplate":"https:\/\/www.bgmarkapatent.com\/?s={search_term_string}"},"query-input":{"@type":"PropertyValueSpecification","valueRequired":true,"valueName":"search_term_string"}}],"inLanguage":"en-US"},{"@type":"Organization","@id":"https:\/\/www.bgmarkapatent.com\/#organization","name":"BG MARKA PATENT","url":"https:\/\/www.bgmarkapatent.com\/","logo":{"@type":"ImageObject","inLanguage":"en-US","@id":"https:\/\/www.bgmarkapatent.com\/#\/schema\/logo\/image\/","url":"https:\/\/www.bgmarkapatent.com\/wp-content\/uploads\/2017\/12\/BG_Logo_yatay_1080_1-1.png","contentUrl":"https:\/\/www.bgmarkapatent.com\/wp-content\/uploads\/2017\/12\/BG_Logo_yatay_1080_1-1.png","width":142,"height":105,"caption":"BG MARKA PATENT"},"image":{"@id":"https:\/\/www.bgmarkapatent.com\/#\/schema\/logo\/image\/"},"sameAs":["https:\/\/www.facebook.com\/bgmarkapatent","https:\/\/x.com\/bgmarkapatent","https:\/\/www.instagram.com\/bgmarkapatent\/?hl=tr"]}]}},"campaignId":"","_links":{"self":[{"href":"https:\/\/www.bgmarkapatent.com\/en\/wp-json\/wp\/v2\/pages\/49","targetHints":{"allow":["GET"]}}],"collection":[{"href":"https:\/\/www.bgmarkapatent.com\/en\/wp-json\/wp\/v2\/pages"}],"about":[{"href":"https:\/\/www.bgmarkapatent.com\/en\/wp-json\/wp\/v2\/types\/page"}],"author":[{"embeddable":true,"href":"https:\/\/www.bgmarkapatent.com\/en\/wp-json\/wp\/v2\/users\/1"}],"replies":[{"embeddable":true,"href":"https:\/\/www.bgmarkapatent.com\/en\/wp-json\/wp\/v2\/comments?post=49"}],"version-history":[{"count":0,"href":"https:\/\/www.bgmarkapatent.com\/en\/wp-json\/wp\/v2\/pages\/49\/revisions"}],"wp:attachment":[{"href":"https:\/\/www.bgmarkapatent.com\/en\/wp-json\/wp\/v2\/media?parent=49"}],"curies":[{"name":"wp","href":"https:\/\/api.w.org\/{rel}","templated":true}]}}